{"id":79,"date":"2022-02-22T14:12:06","date_gmt":"2022-02-22T13:12:06","guid":{"rendered":"https:\/\/osseus.aimnow.art\/?page_id=79"},"modified":"2024-03-28T17:36:47","modified_gmt":"2024-03-28T16:36:47","slug":"pierwsza-wizyta","status":"publish","type":"page","link":"https:\/\/osseus.pl\/?page_id=79","title":{"rendered":"Pierwsza wizyta?"},"content":{"rendered":"<p>[et_pb_section fb_built=&#8221;1&#8243; admin_label=&#8221;Hero Section&#8221; _builder_version=&#8221;4.16&#8243; background_color=&#8221;#70B2BE&#8221; use_background_color_gradient=&#8221;on&#8221; background_color_gradient_direction=&#8221;119deg&#8221; background_color_gradient_stops=&#8221;#70b2be 0%|#ffffff 87%&#8221; background_color_gradient_start=&#8221;#70b2be&#8221; background_color_gradient_end=&#8221;#ffffff&#8221; background_color_gradient_end_position=&#8221;87%&#8221; min_height=&#8221;218.6px&#8221; custom_padding=&#8221;60px|0px|60px|0px&#8221; global_colors_info=&#8221;{}&#8221;][et_pb_row _builder_version=&#8221;4.16&#8243; background_size=&#8221;initial&#8221; background_position=&#8221;top_left&#8221; background_repeat=&#8221;repeat&#8221; global_colors_info=&#8221;{}&#8221;][et_pb_column type=&#8221;4_4&#8243; _builder_version=&#8221;4.16&#8243; custom_padding=&#8221;|||&#8221; global_colors_info=&#8221;{}&#8221; custom_padding__hover=&#8221;|||&#8221;][et_pb_text _builder_version=&#8221;4.16&#8243; text_font=&#8221;Roboto||||||||&#8221; text_text_color=&#8221;rgba(255,255,255,0.8)&#8221; text_font_size=&#8221;18px&#8221; text_line_height=&#8221;1.8em&#8221; header_font=&#8221;Roboto|600|||||||&#8221; header_text_color=&#8221;#ffffff&#8221; header_font_size=&#8221;48px&#8221; header_line_height=&#8221;1.4em&#8221; header_3_font=&#8221;Poppins|600|||||||&#8221; header_3_font_size=&#8221;36px&#8221; header_3_line_height=&#8221;1.4em&#8221; background_layout=&#8221;dark&#8221; max_width=&#8221;600px&#8221; module_alignment=&#8221;left&#8221; custom_margin=&#8221;|||&#8221; locked=&#8221;off&#8221; global_colors_info=&#8221;{}&#8221;]<\/p>\n<h1>Pierwsza wizyta?<\/h1>\n<p>&nbsp;<\/p>\n<p>[\/et_pb_text][\/et_pb_column][\/et_pb_row][\/et_pb_section][et_pb_section fb_built=&#8221;1&#8243; admin_label=&#8221;Classes Section&#8221; _builder_version=&#8221;4.16&#8243; background_color=&#8221;#fafbfc&#8221; min_height=&#8221;966.2px&#8221; custom_margin=&#8221;-46px|||||&#8221; custom_padding=&#8221;0px|0px|0px|0px|true|&#8221; global_colors_info=&#8221;{}&#8221;][et_pb_row column_structure=&#8221;2_5,3_5&#8243; _builder_version=&#8221;4.16&#8243; _module_preset=&#8221;default&#8221; custom_margin=&#8221;37px|auto||auto||&#8221; global_colors_info=&#8221;{}&#8221;][et_pb_column type=&#8221;2_5&#8243; _builder_version=&#8221;4.16&#8243; _module_preset=&#8221;default&#8221; global_colors_info=&#8221;{}&#8221;][et_pb_image src=&#8221;https:\/\/osseus.pl\/wp-content\/uploads\/2022\/04\/zdjecie-pierwsza-pod-napisem-pierwsza-wizyta-min-scaled.jpg&#8221; title_text=&#8221;zdj\u0119cie pierwsza pod\u00a0napisem, pierwsza wizyta-min&#8221; force_fullwidth=&#8221;on&#8221; _builder_version=&#8221;4.17.1&#8243; _module_preset=&#8221;default&#8221; global_colors_info=&#8221;{}&#8221;][\/et_pb_image][\/et_pb_column][et_pb_column type=&#8221;3_5&#8243; _builder_version=&#8221;4.16&#8243; _module_preset=&#8221;default&#8221; global_colors_info=&#8221;{}&#8221;][et_pb_text _builder_version=&#8221;4.16&#8243; _module_preset=&#8221;default&#8221; custom_padding=&#8221;||0px|||&#8221; global_colors_info=&#8221;{}&#8221;]<\/p>\n<p><strong style=\"font-size: 14px;\">W&nbsp;trakcie pierwszej wizyty podstawowym i&nbsp;kluczowym zadaniem jest zebranie mo\u017cliwie <\/strong><strong style=\"font-size: 14px;\"><\/strong><strong>najdok\u0142adniejszego wywiadu oraz&nbsp;badanie fizykalne pacjenta. <\/strong><\/p>\n<p>Bez&nbsp;wzgl\u0119du na&nbsp;diagnoz\u0119 lekarsk\u0105 w&nbsp;tym czasie uzyskuje si\u0119 niezb\u0119dne informacje potrzebne do&nbsp;zaprogramowania optymalnej formy rehabilitacji.<\/p>\n<p>Po&nbsp;przedstawieniu hipotezy dotycz\u0105cej przyczyn dolegliwo\u015bci, specjalista obja\u015bnia pacjentowi planowane formy leczenia i&nbsp;podaje przewidywany okres powrotu do&nbsp;zdrowia. Czas trwania pierwszej wizyty to&nbsp;przewa\u017cnie oko\u0142o 60 do&nbsp;90 minut.<\/p>\n<p>W&nbsp;przypadku, gdy&nbsp;w&nbsp;czasie wywiadu stwierdzone zostanie, \u017ce&nbsp;kt\u00f3ry\u015b z&nbsp;objaw\u00f3w jest niejasny <br \/>lub jego leczenie nie&nbsp;nale\u017cy do&nbsp;kompetencji fizjoterapeuty, pacjent mo\u017ce zosta\u0107 poproszony <br \/>o&nbsp;wykonanie dodatkowych bada\u0144 obrazowych lub zostanie przekierowany do&nbsp;odpowiedniego specjalisty. Podczas pierwszej wizyty terapeuta wykonuje te\u017c pierwsz\u0105, pr\u00f3bn\u0105 terapi\u0119, kt\u00f3ra&nbsp;ko\u0144czy si\u0119 ponownym testowaniem stanu pacjenta w&nbsp;celu oceny skuteczno\u015bci dzia\u0142a\u0144.<\/p>\n<p>Na&nbsp;koniec wydawane s\u0105&nbsp;zalecenia, kt\u00f3re pacjent powinien wykonywa\u0107 samodzielnie w&nbsp;domu, aby utrwali\u0107 efekt terapeutyczny.<\/p>\n<p><strong style=\"font-size: 14px;\"><\/strong><\/p>\n<p><strong><\/strong><\/p>\n<p>[\/et_pb_text][\/et_pb_column][\/et_pb_row][et_pb_row _builder_version=&#8221;4.19.5&#8243; _module_preset=&#8221;default&#8221; global_colors_info=&#8221;{}&#8221;][et_pb_column type=&#8221;4_4&#8243; _builder_version=&#8221;4.19.5&#8243; _module_preset=&#8221;default&#8221; global_colors_info=&#8221;{}&#8221;][et_pb_text _builder_version=&#8221;4.24.2&#8243; _module_preset=&#8221;default&#8221; hover_enabled=&#8221;0&#8243; locked=&#8221;off&#8221; global_colors_info=&#8221;{}&#8221; sticky_enabled=&#8221;0&#8243;]<\/p>\n<h4 style=\"text-align: center;\"><span style=\"color: #ff9900;\"><strong><a href=\"https:\/\/osseus.pl\/?page_id=510\" title=\"REGULAMIN\" style=\"color: #ff9900;\">Chc\u0105c skorzysta\u0107 z\u00a0us\u0142ug fizjoterapeutycznych wymagana jest akceptacja regulaminu, kt\u00f3ry\u00a0mo\u017cecie Pa\u0144stwo znale\u017a\u0107 tutaj.<\/a><\/strong><\/span><\/h4>\n<p><span style=\"color: #ff9900;\"><strong><\/strong><\/span><\/p>\n<p><span style=\"color: #ff9900;\"><strong><\/strong><\/span><\/p>\n<p>[\/et_pb_text][\/et_pb_column][\/et_pb_row][et_pb_row column_structure=&#8221;1_4,1_2,1_4&#8243; admin_label=&#8221;Class&#8221; _builder_version=&#8221;4.16&#8243; background_color=&#8221;#ffffff&#8221; custom_margin=&#8221;||60px|&#8221; custom_padding=&#8221;|40px||40px&#8221; animation_style=&#8221;fade&#8221; border_radii=&#8221;on|6px|6px|6px|6px&#8221; box_shadow_style=&#8221;preset1&#8243; box_shadow_vertical=&#8221;10px&#8221; box_shadow_blur=&#8221;24px&#8221; box_shadow_spread=&#8221;6px&#8221; box_shadow_color=&#8221;rgba(0,0,0,0.06)&#8221; global_colors_info=&#8221;{}&#8221;][et_pb_column type=&#8221;1_4&#8243; _builder_version=&#8221;4.16&#8243; custom_padding=&#8221;|||&#8221; global_colors_info=&#8221;{}&#8221; custom_padding__hover=&#8221;|||&#8221;][et_pb_image src=&#8221;https:\/\/osseus.pl\/wp-content\/uploads\/2022\/02\/dokumenty.jpg&#8221; title_text=&#8221;pierwsza wizyta&#8221; align=&#8221;center&#8221; align_tablet=&#8221;center&#8221; align_phone=&#8221;center&#8221; align_last_edited=&#8221;on|desktop&#8221; _builder_version=&#8221;4.16&#8243; width=&#8221;47%&#8221; max_width=&#8221;85%&#8221; min_height=&#8221;100px&#8221; height=&#8221;100px&#8221; custom_margin=&#8221;0px|||48px|false|false&#8221; global_colors_info=&#8221;{}&#8221;][\/et_pb_image][\/et_pb_column][et_pb_column type=&#8221;1_2&#8243; _builder_version=&#8221;4.16&#8243; custom_padding=&#8221;|||&#8221; global_colors_info=&#8221;{}&#8221; custom_padding__hover=&#8221;|||&#8221;][et_pb_text _builder_version=&#8221;4.16&#8243; text_font=&#8221;Roboto|300|||||||&#8221; text_text_color=&#8221;#486066&#8243; text_font_size=&#8221;15px&#8221; text_line_height=&#8221;1.8em&#8221; header_font=&#8221;||||||||&#8221; header_3_font=&#8221;Poppins|600|||||||&#8221; header_3_text_color=&#8221;#486066&#8243; header_3_font_size=&#8221;18px&#8221; header_3_line_height=&#8221;1.4em&#8221; background_layout=&#8221;dark&#8221; custom_margin=&#8221;25px||||false|false&#8221; custom_padding=&#8221;||0px|||&#8221; locked=&#8221;off&#8221; global_colors_info=&#8221;{}&#8221;]<\/p>\n<p>Na&nbsp;pierwsz\u0105 wizyt\u0119 warto zabra\u0107 ze&nbsp;sob\u0105 wszelk\u0105 dokumentacj\u0119 medyczn\u0105, oraz&nbsp;badania obrazowe w&nbsp;formie cyfrowej lub fizycznej.<\/p>\n<p>[\/et_pb_text][\/et_pb_column][et_pb_column type=&#8221;1_4&#8243; _builder_version=&#8221;4.16&#8243; custom_padding=&#8221;|||&#8221; global_colors_info=&#8221;{}&#8221; custom_padding__hover=&#8221;|||&#8221;][\/et_pb_column][\/et_pb_row][et_pb_row column_structure=&#8221;1_4,1_2,1_4&#8243; admin_label=&#8221;Class&#8221; _builder_version=&#8221;4.16&#8243; background_color=&#8221;#ffffff&#8221; custom_margin=&#8221;||60px|&#8221; custom_padding=&#8221;|40px||40px&#8221; animation_style=&#8221;fade&#8221; border_radii=&#8221;on|6px|6px|6px|6px&#8221; box_shadow_style=&#8221;preset1&#8243; box_shadow_vertical=&#8221;10px&#8221; box_shadow_blur=&#8221;24px&#8221; box_shadow_spread=&#8221;6px&#8221; box_shadow_color=&#8221;rgba(0,0,0,0.06)&#8221; global_colors_info=&#8221;{}&#8221;][et_pb_column type=&#8221;1_4&#8243; _builder_version=&#8221;4.16&#8243; custom_padding=&#8221;|||&#8221; global_colors_info=&#8221;{}&#8221; custom_padding__hover=&#8221;|||&#8221;][et_pb_image src=&#8221;https:\/\/osseus.pl\/wp-content\/uploads\/2022\/02\/ubranie-01.jpg&#8221; title_text=&#8221;pierwsza wizyta&#8221; align=&#8221;center&#8221; align_tablet=&#8221;center&#8221; align_phone=&#8221;center&#8221; align_last_edited=&#8221;on|desktop&#8221; _builder_version=&#8221;4.16&#8243; width=&#8221;29%&#8221; global_colors_info=&#8221;{}&#8221;][\/et_pb_image][\/et_pb_column][et_pb_column type=&#8221;1_2&#8243; _builder_version=&#8221;4.16&#8243; custom_padding=&#8221;|||&#8221; global_colors_info=&#8221;{}&#8221; custom_padding__hover=&#8221;|||&#8221;][et_pb_text _builder_version=&#8221;4.16&#8243; text_font=&#8221;Roboto|300|||||||&#8221; text_text_color=&#8221;#486066&#8243; text_font_size=&#8221;15px&#8221; text_line_height=&#8221;1.8em&#8221; header_font=&#8221;||||||||&#8221; header_3_font=&#8221;Poppins|600|||||||&#8221; header_3_text_color=&#8221;#486066&#8243; header_3_font_size=&#8221;18px&#8221; header_3_line_height=&#8221;1.4em&#8221; locked=&#8221;off&#8221; global_colors_info=&#8221;{}&#8221;]<\/p>\n<p>W&nbsp;czasie wizyty w&nbsp;gabinecie, str\u00f3j pacjenta powinien by\u0107 wygodny,\u00a0 \u00a0 \u00a0aby nie&nbsp;kr\u0119powa\u0107 ruch\u00f3w oraz&nbsp;w&nbsp;razie potrzeby ods\u0142oni\u0119cia miejsc,\u00a0 \u00a0 \u00a0na kt\u00f3rych&nbsp;b\u0119dzie pracowa\u0107 terapeuta, tak&nbsp;aby czu\u0107 si\u0119 swobodnie\u00a0 \u00a0 \u00a0 \u00a0 \u00a0i nieskr\u0119powanie.<\/p>\n<p>[\/et_pb_text][\/et_pb_column][et_pb_column type=&#8221;1_4&#8243; _builder_version=&#8221;4.16&#8243; custom_padding=&#8221;|||&#8221; global_colors_info=&#8221;{}&#8221; custom_padding__hover=&#8221;|||&#8221;][\/et_pb_column][\/et_pb_row][\/et_pb_section]<\/p>\n","protected":false},"excerpt":{"rendered":"<p>Pierwsza wizyta? &nbsp;W&nbsp;trakcie pierwszej wizyty podstawowym i&nbsp;kluczowym zadaniem jest zebranie mo\u017cliwie najdok\u0142adniejszego wywiadu oraz&nbsp;badanie fizykalne pacjenta. Bez&nbsp;wzgl\u0119du na&nbsp;diagnoz\u0119 lekarsk\u0105 w&nbsp;tym czasie uzyskuje si\u0119 niezb\u0119dne informacje potrzebne do&nbsp;zaprogramowania optymalnej formy rehabilitacji. Po&nbsp;przedstawieniu hipotezy dotycz\u0105cej przyczyn dolegliwo\u015bci, specjalista obja\u015bnia pacjentowi planowane formy leczenia i&nbsp;podaje przewidywany okres powrotu do&nbsp;zdrowia. Czas trwania pierwszej wizyty to&nbsp;przewa\u017cnie oko\u0142o 60 do&nbsp;90 minut. [&hellip;]<\/p>\n","protected":false},"author":1,"featured_media":0,"parent":0,"menu_order":0,"comment_status":"closed","ping_status":"closed","template":"","meta":{"_et_pb_use_builder":"on","_et_pb_old_content":"","_et_gb_content_width":"","footnotes":""},"class_list":["post-79","page","type-page","status-publish","hentry"],"yoast_head":"<!-- This site is optimized with the Yoast SEO plugin v27.1.1 - https:\/\/yoast.com\/product\/yoast-seo-wordpress\/ -->\n<title>Pierwsza wizyta? - Osseus fizjoterapia<\/title>\n<meta name=\"description\" content=\"Fizjoterapia pierwsza wizyta. Zabierz ze sob\u0105 dokumentacj\u0119 medyczn\u0105 oraz nie zapomnij o wygodnym stroju, niekr\u0119puj\u0105cym ruch\u00f3w.\" \/>\n<meta name=\"robots\" content=\"index, follow, max-snippet:-1, max-image-preview:large, max-video-preview:-1\" \/>\n<link rel=\"canonical\" href=\"https:\/\/osseus.pl\/?page_id=79\" \/>\n<meta property=\"og:locale\" content=\"pl_PL\" \/>\n<meta property=\"og:type\" content=\"article\" \/>\n<meta property=\"og:title\" content=\"Pierwsza wizyta? - Osseus fizjoterapia\" \/>\n<meta property=\"og:description\" content=\"Fizjoterapia pierwsza wizyta. Zabierz ze sob\u0105 dokumentacj\u0119 medyczn\u0105 oraz nie zapomnij o wygodnym stroju, niekr\u0119puj\u0105cym ruch\u00f3w.\" \/>\n<meta property=\"og:url\" content=\"https:\/\/osseus.pl\/?page_id=79\" \/>\n<meta property=\"og:site_name\" content=\"Osseus fizjoterapia\" \/>\n<meta property=\"article:modified_time\" content=\"2024-03-28T16:36:47+00:00\" \/>\n<meta name=\"twitter:card\" content=\"summary_large_image\" \/>\n<meta name=\"twitter:label1\" content=\"Szacowany czas czytania\" \/>\n\t<meta name=\"twitter:data1\" content=\"3 minuty\" \/>\n<script type=\"application\/ld+json\" class=\"yoast-schema-graph\">{\"@context\":\"https:\/\/schema.org\",\"@graph\":[{\"@type\":\"WebPage\",\"@id\":\"https:\/\/osseus.pl\/?page_id=79\",\"url\":\"https:\/\/osseus.pl\/?page_id=79\",\"name\":\"Pierwsza wizyta? - Osseus fizjoterapia\",\"isPartOf\":{\"@id\":\"https:\/\/osseus.pl\/#website\"},\"datePublished\":\"2022-02-22T13:12:06+00:00\",\"dateModified\":\"2024-03-28T16:36:47+00:00\",\"description\":\"Fizjoterapia pierwsza wizyta. Zabierz ze sob\u0105 dokumentacj\u0119 medyczn\u0105 oraz nie zapomnij o wygodnym stroju, niekr\u0119puj\u0105cym ruch\u00f3w.\",\"breadcrumb\":{\"@id\":\"https:\/\/osseus.pl\/?page_id=79#breadcrumb\"},\"inLanguage\":\"pl-PL\",\"potentialAction\":[{\"@type\":\"ReadAction\",\"target\":[\"https:\/\/osseus.pl\/?page_id=79\"]}]},{\"@type\":\"BreadcrumbList\",\"@id\":\"https:\/\/osseus.pl\/?page_id=79#breadcrumb\",\"itemListElement\":[{\"@type\":\"ListItem\",\"position\":1,\"name\":\"Home\",\"item\":\"https:\/\/osseus.pl\/\"},{\"@type\":\"ListItem\",\"position\":2,\"name\":\"Pierwsza wizyta?\"}]},{\"@type\":\"WebSite\",\"@id\":\"https:\/\/osseus.pl\/#website\",\"url\":\"https:\/\/osseus.pl\/\",\"name\":\"Osseus fizjoterapia\",\"description\":\"Osseus fizjoterapia Krak\u00f3w\",\"potentialAction\":[{\"@type\":\"SearchAction\",\"target\":{\"@type\":\"EntryPoint\",\"urlTemplate\":\"https:\/\/osseus.pl\/?s={search_term_string}\"},\"query-input\":{\"@type\":\"PropertyValueSpecification\",\"valueRequired\":true,\"valueName\":\"search_term_string\"}}],\"inLanguage\":\"pl-PL\"}]}<\/script>\n<!-- \/ Yoast SEO plugin. -->","yoast_head_json":{"title":"Pierwsza wizyta? - Osseus fizjoterapia","description":"Fizjoterapia pierwsza wizyta. Zabierz ze sob\u0105 dokumentacj\u0119 medyczn\u0105 oraz nie zapomnij o wygodnym stroju, niekr\u0119puj\u0105cym ruch\u00f3w.","robots":{"index":"index","follow":"follow","max-snippet":"max-snippet:-1","max-image-preview":"max-image-preview:large","max-video-preview":"max-video-preview:-1"},"canonical":"https:\/\/osseus.pl\/?page_id=79","og_locale":"pl_PL","og_type":"article","og_title":"Pierwsza wizyta? - Osseus fizjoterapia","og_description":"Fizjoterapia pierwsza wizyta. Zabierz ze sob\u0105 dokumentacj\u0119 medyczn\u0105 oraz nie zapomnij o wygodnym stroju, niekr\u0119puj\u0105cym ruch\u00f3w.","og_url":"https:\/\/osseus.pl\/?page_id=79","og_site_name":"Osseus fizjoterapia","article_modified_time":"2024-03-28T16:36:47+00:00","twitter_card":"summary_large_image","twitter_misc":{"Szacowany czas czytania":"3 minuty"},"schema":{"@context":"https:\/\/schema.org","@graph":[{"@type":"WebPage","@id":"https:\/\/osseus.pl\/?page_id=79","url":"https:\/\/osseus.pl\/?page_id=79","name":"Pierwsza wizyta? - Osseus fizjoterapia","isPartOf":{"@id":"https:\/\/osseus.pl\/#website"},"datePublished":"2022-02-22T13:12:06+00:00","dateModified":"2024-03-28T16:36:47+00:00","description":"Fizjoterapia pierwsza wizyta. Zabierz ze sob\u0105 dokumentacj\u0119 medyczn\u0105 oraz nie zapomnij o wygodnym stroju, niekr\u0119puj\u0105cym ruch\u00f3w.","breadcrumb":{"@id":"https:\/\/osseus.pl\/?page_id=79#breadcrumb"},"inLanguage":"pl-PL","potentialAction":[{"@type":"ReadAction","target":["https:\/\/osseus.pl\/?page_id=79"]}]},{"@type":"BreadcrumbList","@id":"https:\/\/osseus.pl\/?page_id=79#breadcrumb","itemListElement":[{"@type":"ListItem","position":1,"name":"Home","item":"https:\/\/osseus.pl\/"},{"@type":"ListItem","position":2,"name":"Pierwsza wizyta?"}]},{"@type":"WebSite","@id":"https:\/\/osseus.pl\/#website","url":"https:\/\/osseus.pl\/","name":"Osseus fizjoterapia","description":"Osseus fizjoterapia Krak\u00f3w","potentialAction":[{"@type":"SearchAction","target":{"@type":"EntryPoint","urlTemplate":"https:\/\/osseus.pl\/?s={search_term_string}"},"query-input":{"@type":"PropertyValueSpecification","valueRequired":true,"valueName":"search_term_string"}}],"inLanguage":"pl-PL"}]}},"_links":{"self":[{"href":"https:\/\/osseus.pl\/index.php?rest_route=\/wp\/v2\/pages\/79","targetHints":{"allow":["GET"]}}],"collection":[{"href":"https:\/\/osseus.pl\/index.php?rest_route=\/wp\/v2\/pages"}],"about":[{"href":"https:\/\/osseus.pl\/index.php?rest_route=\/wp\/v2\/types\/page"}],"author":[{"embeddable":true,"href":"https:\/\/osseus.pl\/index.php?rest_route=\/wp\/v2\/users\/1"}],"replies":[{"embeddable":true,"href":"https:\/\/osseus.pl\/index.php?rest_route=%2Fwp%2Fv2%2Fcomments&post=79"}],"version-history":[{"count":15,"href":"https:\/\/osseus.pl\/index.php?rest_route=\/wp\/v2\/pages\/79\/revisions"}],"predecessor-version":[{"id":570,"href":"https:\/\/osseus.pl\/index.php?rest_route=\/wp\/v2\/pages\/79\/revisions\/570"}],"wp:attachment":[{"href":"https:\/\/osseus.pl\/index.php?rest_route=%2Fwp%2Fv2%2Fmedia&parent=79"}],"curies":[{"name":"wp","href":"https:\/\/api.w.org\/{rel}","templated":true}]}}