{"id":543,"date":"2024-03-28T11:40:27","date_gmt":"2024-03-28T10:40:27","guid":{"rendered":"https:\/\/osseus.pl\/?page_id=543"},"modified":"2024-11-28T09:43:18","modified_gmt":"2024-11-28T08:43:18","slug":"neuromodulacja-nmp","status":"publish","type":"page","link":"https:\/\/osseus.pl\/?page_id=543","title":{"rendered":"Neuromodulacja NMP"},"content":{"rendered":"<p>[et_pb_section fb_built=&#8221;1&#8243; _builder_version=&#8221;4.24.2&#8243; _module_preset=&#8221;default&#8221; global_colors_info=&#8221;{}&#8221;][et_pb_row column_structure=&#8221;2_5,3_5&#8243; _builder_version=&#8221;4.24.2&#8243; _module_preset=&#8221;default&#8221; global_colors_info=&#8221;{}&#8221;][et_pb_column type=&#8221;2_5&#8243; _builder_version=&#8221;4.24.2&#8243; _module_preset=&#8221;default&#8221; global_colors_info=&#8221;{}&#8221;][et_pb_image src=&#8221;https:\/\/osseus.pl\/wp-content\/uploads\/2024\/03\/OSSEUS8-kopia.webp&#8221; title_text=&#8221;OSSEUS8 kopia&#8221; _builder_version=&#8221;4.24.2&#8243; _module_preset=&#8221;default&#8221; global_colors_info=&#8221;{}&#8221;][\/et_pb_image][\/et_pb_column][et_pb_column type=&#8221;3_5&#8243; _builder_version=&#8221;4.24.2&#8243; _module_preset=&#8221;default&#8221; global_colors_info=&#8221;{}&#8221;][et_pb_text _builder_version=&#8221;4.24.2&#8243; _module_preset=&#8221;default&#8221; global_colors_info=&#8221;{}&#8221;]<\/p>\n<h1>Neuromodulacja NMP<\/h1>\n<p>NMP \u00a0Neuromodulacja to\u00a0nowatorska metoda pochodz\u0105ca z\u00a0Hiszpanii, pozwalaj\u0105ca na\u00a0ingerencj\u0119 w\u00a0funkcjonowanie uk\u0142adu nerwowego. Dzi\u0119ki dog\u0142\u0119bnemu zrozumieniu anatomii cz\u0142owieka oraz\u00a0zastosowaniu pr\u0105du elektrycznego o\u00a0niskim nat\u0119\u017ceniu mo\u017cliwe jest skuteczne leczenie r\u00f3\u017cnych patologii uk\u0142adu mi\u0119\u015bniowo-szkieletowego.<\/p>\n<p>Procedura jest bezbolesna, szybka i cz\u0119sto prowadzi do natychmiastowej poprawy stanu pacjenta, stanowi\u0105c warto\u015bciowe narz\u0119dzie w terapeutycznym arsena\u0142u fizjoterapii. Procedura polega na wprowadzeniu specjalnej ig\u0142y o grubo\u015bci 0,3 mm blisko nerwu unerwiaj\u0105cego obszar dolegliwo\u015bci i stymulacji go pr\u0105dem. Proces ten aktywuje o\u015brodki szlak\u00f3w hamowania b\u00f3lu, znosi b\u00f3l, moduluje jego nasilenie.<\/p>\n<p>[\/et_pb_text][et_pb_button button_url=&#8221;@ET-DC@eyJkeW5hbWljIjp0cnVlLCJjb250ZW50IjoicG9zdF9saW5rX3VybF9wYWdlIiwic2V0dGluZ3MiOnsicG9zdF9pZCI6IjY2In19@&#8221; button_text=&#8221;Zapytaj o dost\u0119pno\u015b\u0107 termin\u00f3w&#8221; button_alignment=&#8221;left&#8221; _builder_version=&#8221;4.24.2&#8243; _dynamic_attributes=&#8221;button_url&#8221; _module_preset=&#8221;default&#8221; custom_button=&#8221;on&#8221; button_text_size=&#8221;20px&#8221; button_text_color=&#8221;#FFFFFF&#8221; button_bg_color=&#8221;#daa949&#8243; button_border_color=&#8221;#daa949&#8243; button_border_radius=&#8221;48px&#8221; button_letter_spacing=&#8221;1px&#8221; button_font=&#8221;Montserrat||||||||&#8221; button_use_icon=&#8221;off&#8221; background_layout=&#8221;dark&#8221; custom_margin=&#8221;35px||35px||false|false&#8221; global_colors_info=&#8221;{}&#8221;][\/et_pb_button][\/et_pb_column][\/et_pb_row][et_pb_row _builder_version=&#8221;4.24.2&#8243; _module_preset=&#8221;default&#8221; global_colors_info=&#8221;{}&#8221;][et_pb_column type=&#8221;4_4&#8243; _builder_version=&#8221;4.24.2&#8243; _module_preset=&#8221;default&#8221; global_colors_info=&#8221;{}&#8221;][et_pb_text _builder_version=&#8221;4.24.2&#8243; _module_preset=&#8221;default&#8221; global_colors_info=&#8221;{}&#8221;]<\/p>\n<h3>Neuromodulacja NMP<\/h3>\n<p>NMP to nowoczesny spos\u00f3b terapii dolegliwo\u015bci uk\u0142adu mi\u0119\u015bniowo-szkieletowego, szczeg\u00f3lnie b\u00f3lu przewlek\u0142ego. Przy pomocy NMP mo\u017cliwe jest zar\u00f3wno modulowanie b\u00f3lu, jak i poprawa funkcji mi\u0119\u015bni szkieletowych. Procedura polega na wprowadzeniu specjalnej ig\u0142y o grubo\u015bci 0,3 mm blisko nerwu unerwiaj\u0105cego obszar dolegliwo\u015bci i stymulacji go pr\u0105dem. Proces ten aktywuje o\u015brodki szlak\u00f3w hamowania b\u00f3lu, znosi b\u00f3l, moduluje jego nasilenie, lub w zale\u017cno\u015bci od zastosowania uwalniania endogenne opioidy, powoduj\u0105cych mniejsze nat\u0119\u017cenie wra\u017ce\u0144 b\u00f3lowych. Zabieg wykonywany jest pod kontrol\u0105 USG, gwarantuj\u0105c wprowadzenie ig\u0142y w odpowiednie miejsce.<\/p>\n<p>Neuromodulacja to\u00a0nowatorska metoda pochodz\u0105ca z\u00a0Hiszpanii, pozwalaj\u0105ca na\u00a0ingerencj\u0119 w\u00a0funkcjonowanie uk\u0142adu nerwowego. Dzi\u0119ki dog\u0142\u0119bnemu zrozumieniu anatomii cz\u0142owieka oraz\u00a0zastosowaniu pr\u0105du elektrycznego o\u00a0niskim nat\u0119\u017ceniu mo\u017cliwe jest skuteczne leczenie r\u00f3\u017cnych patologii uk\u0142adu mi\u0119\u015bniowo-szkieletowego. Procedura jest bezbolesna, szybka i\u00a0cz\u0119sto prowadzi do\u00a0natychmiastowej poprawy stanu pacjenta, stanowi\u0105c warto\u015bciowe narz\u0119dzie w\u00a0terapeutycznym arsena\u0142u fizjoterapii.<\/p>\n<p>&nbsp;<\/p>\n<h4>Neuromodulacja jest stosowana w\u00a0leczeniu poni\u017cszych chor\u00f3b:<\/h4>\n<p>&nbsp;<\/p>\n<ul>\n<li>rwa kulszowa<\/li>\n<li>rwa udowa<\/li>\n<li>rwa barkowa \/ rwa ramienna<\/li>\n<li>rwa szyjna<\/li>\n<li>zesp\u00f3\u0142 cie\u015bni nadgarstka i\u00a0inne zespo\u0142y tunelowe<\/li>\n<li>dr\u0119twienia, mrowienia, parestezje<\/li>\n<li>dysfunkcje mi\u0119\u015bniowo-powi\u0119ziowe<\/li>\n<\/ul>\n<p>[\/et_pb_text][\/et_pb_column][\/et_pb_row][\/et_pb_section][et_pb_section fb_built=&#8221;1&#8243; admin_label=&#8221;Contact Info Section&#8221; _builder_version=&#8221;4.16&#8243; background_color=&#8221;#fafbfc&#8221; min_height=&#8221;500px&#8221; custom_padding=&#8221;30px|0px|30px|0px|true|&#8221; locked=&#8221;off&#8221; global_colors_info=&#8221;{}&#8221;][et_pb_row _builder_version=&#8221;4.16&#8243; global_colors_info=&#8221;{}&#8221;][et_pb_column type=&#8221;4_4&#8243; _builder_version=&#8221;4.16&#8243; custom_padding=&#8221;|||&#8221; global_colors_info=&#8221;{}&#8221; custom_padding__hover=&#8221;|||&#8221;][et_pb_text _builder_version=&#8221;4.16&#8243; text_font=&#8221;Roboto||||||||&#8221; text_text_color=&#8221;#70B2BE&#8221; header_font=&#8221;||||||||&#8221; header_3_font=&#8221;Roboto|600|||||||&#8221; header_3_text_color=&#8221;#44d89e&#8221; header_3_font_size=&#8221;36px&#8221; header_3_line_height=&#8221;1.4em&#8221; text_orientation=&#8221;center&#8221; locked=&#8221;off&#8221; global_colors_info=&#8221;{}&#8221;]<\/p>\n<h3><span style=\"color: #70b2be;\">Napisz do&nbsp;nas<\/span><\/h3>\n<p>[\/et_pb_text][\/et_pb_column][\/et_pb_row][et_pb_row _builder_version=&#8221;4.16&#8243; global_colors_info=&#8221;{}&#8221;][et_pb_column type=&#8221;4_4&#8243; _builder_version=&#8221;4.16&#8243; custom_padding=&#8221;|||&#8221; global_colors_info=&#8221;{}&#8221; custom_padding__hover=&#8221;|||&#8221;][et_pb_contact_form email=&#8221;piotr.klocek@osseus.pl&#8221; custom_message=&#8221;Imie: %%Imi\u0119_i_nazwisko%%||et_pb_line_break_holder||Adres mailowy: %%Email%%||et_pb_line_break_holder||Wiadomo\u015b\u0107: %%Wiadomo\u015b\u0107%%||et_pb_line_break_holder||Zgoda: %%Zgoda%%||et_pb_line_break_holder||&#8221; success_message=&#8221;Dzi\u0119kujemy za skontaktowanie si\u0119 z nami.&#8221; module_id=&#8221;et_pb_contact_form_0&#8243; _builder_version=&#8221;4.17.4&#8243; _unique_id=&#8221;d1f1b793-ac7f-458c-9de0-30dd405f8d81&#8243; form_field_font=&#8221;Poppins||||||||&#8221; form_field_font_size=&#8221;14px&#8221; custom_button=&#8221;on&#8221; button_text_size=&#8221;20px&#8221; button_text_color=&#8221;#ffffff&#8221; button_bg_color=&#8221;#70B2BE&#8221; button_border_width=&#8221;0px&#8221; button_border_color=&#8221;#44d89e&#8221; button_border_radius=&#8221;100px&#8221; button_letter_spacing=&#8221;1px&#8221; button_font=&#8221;Roboto|500||on|||||&#8221; button_use_icon=&#8221;off&#8221; custom_margin=&#8221;|||&#8221; custom_padding=&#8221;|||&#8221; border_radii=&#8221;on|6px|6px|6px|6px&#8221; box_shadow_style=&#8221;preset1&#8243; box_shadow_vertical=&#8221;10px&#8221; box_shadow_blur=&#8221;24px&#8221; box_shadow_spread=&#8221;6px&#8221; box_shadow_color=&#8221;rgba(0,0,0,0.06)&#8221; box_shadow_style_button=&#8221;preset3&#8243; box_shadow_color_button=&#8221;rgba(68,216,158,0.41)&#8221; global_colors_info=&#8221;{}&#8221;][et_pb_contact_field field_id=&#8221;Imi\u0119_i_nazwisko&#8221; field_title=&#8221;Imi\u0119 i nazwisko&#8221; _builder_version=&#8221;4.16&#8243; form_field_background_color=&#8221;#fcfcfc&#8221; form_field_font=&#8221;|500|||||||&#8221; field_background_color=&#8221;#fcfcfc&#8221; global_colors_info=&#8221;{}&#8221; button_text_size__hover_enabled=&#8221;off&#8221; button_one_text_size__hover_enabled=&#8221;off&#8221; button_two_text_size__hover_enabled=&#8221;off&#8221; button_text_color__hover_enabled=&#8221;off&#8221; button_one_text_color__hover_enabled=&#8221;off&#8221; button_two_text_color__hover_enabled=&#8221;off&#8221; button_border_width__hover_enabled=&#8221;off&#8221; button_one_border_width__hover_enabled=&#8221;off&#8221; button_two_border_width__hover_enabled=&#8221;off&#8221; button_border_color__hover_enabled=&#8221;off&#8221; button_one_border_color__hover_enabled=&#8221;off&#8221; button_two_border_color__hover_enabled=&#8221;off&#8221; button_border_radius__hover_enabled=&#8221;off&#8221; button_one_border_radius__hover_enabled=&#8221;off&#8221; button_two_border_radius__hover_enabled=&#8221;off&#8221; button_letter_spacing__hover_enabled=&#8221;off&#8221; button_one_letter_spacing__hover_enabled=&#8221;off&#8221; button_two_letter_spacing__hover_enabled=&#8221;off&#8221; button_bg_color__hover_enabled=&#8221;off&#8221; button_one_bg_color__hover_enabled=&#8221;off&#8221; button_two_bg_color__hover_enabled=&#8221;off&#8221;][\/et_pb_contact_field][et_pb_contact_field field_id=&#8221;Email&#8221; field_title=&#8221;E-mail&#8221; field_type=&#8221;email&#8221; _builder_version=&#8221;4.16&#8243; form_field_background_color=&#8221;#ffffff&#8221; form_field_font=&#8221;|500|||||||&#8221; field_background_color=&#8221;#ffffff&#8221; global_colors_info=&#8221;{}&#8221; button_text_size__hover_enabled=&#8221;off&#8221; button_one_text_size__hover_enabled=&#8221;off&#8221; button_two_text_size__hover_enabled=&#8221;off&#8221; button_text_color__hover_enabled=&#8221;off&#8221; button_one_text_color__hover_enabled=&#8221;off&#8221; button_two_text_color__hover_enabled=&#8221;off&#8221; button_border_width__hover_enabled=&#8221;off&#8221; button_one_border_width__hover_enabled=&#8221;off&#8221; button_two_border_width__hover_enabled=&#8221;off&#8221; button_border_color__hover_enabled=&#8221;off&#8221; button_one_border_color__hover_enabled=&#8221;off&#8221; button_two_border_color__hover_enabled=&#8221;off&#8221; button_border_radius__hover_enabled=&#8221;off&#8221; button_one_border_radius__hover_enabled=&#8221;off&#8221; button_two_border_radius__hover_enabled=&#8221;off&#8221; button_letter_spacing__hover_enabled=&#8221;off&#8221; button_one_letter_spacing__hover_enabled=&#8221;off&#8221; button_two_letter_spacing__hover_enabled=&#8221;off&#8221; button_bg_color__hover_enabled=&#8221;off&#8221; button_one_bg_color__hover_enabled=&#8221;off&#8221; button_two_bg_color__hover_enabled=&#8221;off&#8221;][\/et_pb_contact_field][et_pb_contact_field field_id=&#8221;Wiadomo\u015b\u0107&#8221; field_title=&#8221;Tre\u015b\u0107 wiadomo\u015bci&#8221; field_type=&#8221;text&#8221; fullwidth_field=&#8221;on&#8221; _builder_version=&#8221;4.16&#8243; form_field_background_color=&#8221;#ffffff&#8221; form_field_font=&#8221;|500|||||||&#8221; field_background_color=&#8221;#ffffff&#8221; global_colors_info=&#8221;{}&#8221; button_text_size__hover_enabled=&#8221;off&#8221; button_one_text_size__hover_enabled=&#8221;off&#8221; button_two_text_size__hover_enabled=&#8221;off&#8221; button_text_color__hover_enabled=&#8221;off&#8221; button_one_text_color__hover_enabled=&#8221;off&#8221; button_two_text_color__hover_enabled=&#8221;off&#8221; button_border_width__hover_enabled=&#8221;off&#8221; button_one_border_width__hover_enabled=&#8221;off&#8221; button_two_border_width__hover_enabled=&#8221;off&#8221; button_border_color__hover_enabled=&#8221;off&#8221; button_one_border_color__hover_enabled=&#8221;off&#8221; button_two_border_color__hover_enabled=&#8221;off&#8221; button_border_radius__hover_enabled=&#8221;off&#8221; button_one_border_radius__hover_enabled=&#8221;off&#8221; button_two_border_radius__hover_enabled=&#8221;off&#8221; button_letter_spacing__hover_enabled=&#8221;off&#8221; button_one_letter_spacing__hover_enabled=&#8221;off&#8221; button_two_letter_spacing__hover_enabled=&#8221;off&#8221; button_bg_color__hover_enabled=&#8221;off&#8221; button_one_bg_color__hover_enabled=&#8221;off&#8221; button_two_bg_color__hover_enabled=&#8221;off&#8221;][\/et_pb_contact_field][et_pb_contact_field field_id=&#8221;Zgoda&#8221; field_title=&#8221;Wyra\u017cam zgod\u0119 na przetwarzanie przez HANKUS KLOCEK OSSEUS FIZJOTERAPIA S.C moich danych osobowych w celach marketingowych, w tym na profilowanie w tych celach. Wyra\u017cona zgoda mo\u017ce by\u0107 odwo\u0142ana w ka\u017cdym czasie. W celu przedstawienia przez HANKUS KLOCEK OSSEUS FIZJOTERAPIA S.C indywidualnej oferty produkt\u00f3w i us\u0142ug za pomoc\u0105 \u015brodk\u00f3w telekomunikacji elektronicznej, wyra\u017cenie zgody jest niezb\u0119dne. Wi\u0119cej informacji na temat przetwarzania danych osobowych znajduje si\u0119 w naszej Polityce prywatno\u015bci&#8221; field_type=&#8221;checkbox&#8221; checkbox_options=&#8221;%91{%22value%22:%22Wyra\u017cam zgod\u0119. %22,%22checked%22:0,%22dragID%22:-1}%93&#8243; fullwidth_field=&#8221;on&#8221; _builder_version=&#8221;4.16&#8243; _module_preset=&#8221;default&#8221; form_field_background_color=&#8221;#70B2BE&#8221; form_field_text_color=&#8221;#4c4c47&#8243; form_field_focus_background_color=&#8221;#4c4c47&#8243; form_field_focus_text_color=&#8221;#4c4c47&#8243; form_field_font=&#8221;Montserrat|300|||||||&#8221; form_field_font_size=&#8221;10px&#8221; form_field_line_height=&#8221;1.3em&#8221; link_option_url=&#8221;https:\/\/osseus.pl\/?page_id=3&#8243; link_option_url_new_window=&#8221;on&#8221; global_colors_info=&#8221;{}&#8221;][\/et_pb_contact_field][\/et_pb_contact_form][\/et_pb_column][\/et_pb_row][\/et_pb_section]<\/p>\n","protected":false},"excerpt":{"rendered":"<p>Neuromodulacja NMP NMP \u00a0Neuromodulacja to\u00a0nowatorska metoda pochodz\u0105ca z\u00a0Hiszpanii, pozwalaj\u0105ca na\u00a0ingerencj\u0119 w\u00a0funkcjonowanie uk\u0142adu nerwowego. Dzi\u0119ki dog\u0142\u0119bnemu zrozumieniu anatomii cz\u0142owieka oraz\u00a0zastosowaniu pr\u0105du elektrycznego o\u00a0niskim nat\u0119\u017ceniu mo\u017cliwe jest skuteczne leczenie r\u00f3\u017cnych patologii uk\u0142adu mi\u0119\u015bniowo-szkieletowego. Procedura jest bezbolesna, szybka i cz\u0119sto prowadzi do natychmiastowej poprawy stanu pacjenta, stanowi\u0105c warto\u015bciowe narz\u0119dzie w terapeutycznym arsena\u0142u fizjoterapii. Procedura polega na wprowadzeniu specjalnej [&hellip;]<\/p>\n","protected":false},"author":1,"featured_media":0,"parent":0,"menu_order":0,"comment_status":"closed","ping_status":"closed","template":"","meta":{"_et_pb_use_builder":"on","_et_pb_old_content":"","_et_gb_content_width":"","footnotes":""},"class_list":["post-543","page","type-page","status-publish","hentry"],"yoast_head":"<!-- This site is optimized with the Yoast SEO plugin v27.1.1 - https:\/\/yoast.com\/product\/yoast-seo-wordpress\/ -->\n<title>Neuromodulacja NMP<\/title>\n<meta name=\"description\" content=\"Neuromodulacja NMP\" \/>\n<meta name=\"robots\" content=\"index, follow, max-snippet:-1, max-image-preview:large, max-video-preview:-1\" \/>\n<link rel=\"canonical\" href=\"https:\/\/osseus.pl\/?page_id=543\" \/>\n<meta property=\"og:locale\" content=\"pl_PL\" \/>\n<meta property=\"og:type\" content=\"article\" \/>\n<meta property=\"og:title\" content=\"Neuromodulacja NMP\" \/>\n<meta property=\"og:description\" content=\"Neuromodulacja NMP\" \/>\n<meta property=\"og:url\" content=\"https:\/\/osseus.pl\/?page_id=543\" \/>\n<meta property=\"og:site_name\" content=\"Osseus fizjoterapia\" \/>\n<meta property=\"article:modified_time\" content=\"2024-11-28T08:43:18+00:00\" \/>\n<meta name=\"twitter:card\" content=\"summary_large_image\" \/>\n<script type=\"application\/ld+json\" class=\"yoast-schema-graph\">{\"@context\":\"https:\/\/schema.org\",\"@graph\":[{\"@type\":\"WebPage\",\"@id\":\"https:\/\/osseus.pl\/?page_id=543\",\"url\":\"https:\/\/osseus.pl\/?page_id=543\",\"name\":\"Neuromodulacja NMP\",\"isPartOf\":{\"@id\":\"https:\/\/osseus.pl\/#website\"},\"datePublished\":\"2024-03-28T10:40:27+00:00\",\"dateModified\":\"2024-11-28T08:43:18+00:00\",\"description\":\"Neuromodulacja NMP\",\"breadcrumb\":{\"@id\":\"https:\/\/osseus.pl\/?page_id=543#breadcrumb\"},\"inLanguage\":\"pl-PL\",\"potentialAction\":[{\"@type\":\"ReadAction\",\"target\":[\"https:\/\/osseus.pl\/?page_id=543\"]}]},{\"@type\":\"BreadcrumbList\",\"@id\":\"https:\/\/osseus.pl\/?page_id=543#breadcrumb\",\"itemListElement\":[{\"@type\":\"ListItem\",\"position\":1,\"name\":\"Home\",\"item\":\"https:\/\/osseus.pl\/\"},{\"@type\":\"ListItem\",\"position\":2,\"name\":\"Neuromodulacja NMP\"}]},{\"@type\":\"WebSite\",\"@id\":\"https:\/\/osseus.pl\/#website\",\"url\":\"https:\/\/osseus.pl\/\",\"name\":\"Osseus fizjoterapia\",\"description\":\"Osseus fizjoterapia Krak\u00f3w\",\"potentialAction\":[{\"@type\":\"SearchAction\",\"target\":{\"@type\":\"EntryPoint\",\"urlTemplate\":\"https:\/\/osseus.pl\/?s={search_term_string}\"},\"query-input\":{\"@type\":\"PropertyValueSpecification\",\"valueRequired\":true,\"valueName\":\"search_term_string\"}}],\"inLanguage\":\"pl-PL\"}]}<\/script>\n<!-- \/ Yoast SEO plugin. -->","yoast_head_json":{"title":"Neuromodulacja NMP","description":"Neuromodulacja NMP","robots":{"index":"index","follow":"follow","max-snippet":"max-snippet:-1","max-image-preview":"max-image-preview:large","max-video-preview":"max-video-preview:-1"},"canonical":"https:\/\/osseus.pl\/?page_id=543","og_locale":"pl_PL","og_type":"article","og_title":"Neuromodulacja NMP","og_description":"Neuromodulacja NMP","og_url":"https:\/\/osseus.pl\/?page_id=543","og_site_name":"Osseus fizjoterapia","article_modified_time":"2024-11-28T08:43:18+00:00","twitter_card":"summary_large_image","schema":{"@context":"https:\/\/schema.org","@graph":[{"@type":"WebPage","@id":"https:\/\/osseus.pl\/?page_id=543","url":"https:\/\/osseus.pl\/?page_id=543","name":"Neuromodulacja NMP","isPartOf":{"@id":"https:\/\/osseus.pl\/#website"},"datePublished":"2024-03-28T10:40:27+00:00","dateModified":"2024-11-28T08:43:18+00:00","description":"Neuromodulacja NMP","breadcrumb":{"@id":"https:\/\/osseus.pl\/?page_id=543#breadcrumb"},"inLanguage":"pl-PL","potentialAction":[{"@type":"ReadAction","target":["https:\/\/osseus.pl\/?page_id=543"]}]},{"@type":"BreadcrumbList","@id":"https:\/\/osseus.pl\/?page_id=543#breadcrumb","itemListElement":[{"@type":"ListItem","position":1,"name":"Home","item":"https:\/\/osseus.pl\/"},{"@type":"ListItem","position":2,"name":"Neuromodulacja NMP"}]},{"@type":"WebSite","@id":"https:\/\/osseus.pl\/#website","url":"https:\/\/osseus.pl\/","name":"Osseus fizjoterapia","description":"Osseus fizjoterapia Krak\u00f3w","potentialAction":[{"@type":"SearchAction","target":{"@type":"EntryPoint","urlTemplate":"https:\/\/osseus.pl\/?s={search_term_string}"},"query-input":{"@type":"PropertyValueSpecification","valueRequired":true,"valueName":"search_term_string"}}],"inLanguage":"pl-PL"}]}},"_links":{"self":[{"href":"https:\/\/osseus.pl\/index.php?rest_route=\/wp\/v2\/pages\/543","targetHints":{"allow":["GET"]}}],"collection":[{"href":"https:\/\/osseus.pl\/index.php?rest_route=\/wp\/v2\/pages"}],"about":[{"href":"https:\/\/osseus.pl\/index.php?rest_route=\/wp\/v2\/types\/page"}],"author":[{"embeddable":true,"href":"https:\/\/osseus.pl\/index.php?rest_route=\/wp\/v2\/users\/1"}],"replies":[{"embeddable":true,"href":"https:\/\/osseus.pl\/index.php?rest_route=%2Fwp%2Fv2%2Fcomments&post=543"}],"version-history":[{"count":6,"href":"https:\/\/osseus.pl\/index.php?rest_route=\/wp\/v2\/pages\/543\/revisions"}],"predecessor-version":[{"id":620,"href":"https:\/\/osseus.pl\/index.php?rest_route=\/wp\/v2\/pages\/543\/revisions\/620"}],"wp:attachment":[{"href":"https:\/\/osseus.pl\/index.php?rest_route=%2Fwp%2Fv2%2Fmedia&parent=543"}],"curies":[{"name":"wp","href":"https:\/\/api.w.org\/{rel}","templated":true}]}}