{"id":534,"date":"2024-03-28T11:26:56","date_gmt":"2024-03-28T10:26:56","guid":{"rendered":"https:\/\/osseus.pl\/?page_id=534"},"modified":"2024-04-03T12:22:20","modified_gmt":"2024-04-03T10:22:20","slug":"przezskorna-elektroliza-epte","status":"publish","type":"page","link":"https:\/\/osseus.pl\/?page_id=534","title":{"rendered":"Przezsk\u00f3rna elektroliza EPTE"},"content":{"rendered":"<p>[et_pb_section fb_built=&#8221;1&#8243; _builder_version=&#8221;4.24.2&#8243; _module_preset=&#8221;default&#8221; global_colors_info=&#8221;{}&#8221;][et_pb_row column_structure=&#8221;2_5,3_5&#8243; _builder_version=&#8221;4.24.2&#8243; _module_preset=&#8221;default&#8221; global_colors_info=&#8221;{}&#8221;][et_pb_column type=&#8221;2_5&#8243; _builder_version=&#8221;4.24.2&#8243; _module_preset=&#8221;default&#8221; global_colors_info=&#8221;{}&#8221;][et_pb_image src=&#8221;https:\/\/osseus.pl\/wp-content\/uploads\/2024\/03\/OSSEUS13-kopia.webp&#8221; title_text=&#8221;OSSEUS13 kopia&#8221; _builder_version=&#8221;4.24.2&#8243; _module_preset=&#8221;default&#8221; hover_enabled=&#8221;0&#8243; global_colors_info=&#8221;{}&#8221; sticky_enabled=&#8221;0&#8243;][\/et_pb_image][\/et_pb_column][et_pb_column type=&#8221;3_5&#8243; _builder_version=&#8221;4.24.2&#8243; _module_preset=&#8221;default&#8221; global_colors_info=&#8221;{}&#8221;][et_pb_text _builder_version=&#8221;4.24.2&#8243; _module_preset=&#8221;default&#8221; global_colors_info=&#8221;{}&#8221;]<\/p>\n<h1>Przezsk\u00f3rna elektroliza EPTE \u00ae<\/h1>\n<p>Metoda terapeutyczna, znana jako Terapia Przezsk\u00f3rnej Elektrolizy (EPTE \u00ae), prezentuje prze\u0142omowy krok w&nbsp;leczeniu tendinopatii. Charakteryzuje si\u0119 ona wysok\u0105 efektywno\u015bci\u0105 i&nbsp;jest ma\u0142o inwazyjna dla pacjenta. Przyspiesza ona czas rekonwalescencji, co&nbsp;przek\u0142ada si\u0119 na&nbsp;istotne korzy\u015bci kliniczne i&nbsp;ekonomiczne.<\/p>\n<p>Procedura leczenia opiera si\u0119 na&nbsp;zastosowaniu pr\u0105du galwanicznego bezpo\u015brednio na&nbsp;obszarze uszkodzonej tkanki, za&nbsp;po\u015brednictwem specjalnej ig\u0142y o&nbsp;grubo\u015bci 0,3 mm. W&nbsp;ten spos\u00f3b nast\u0119puje inicjacja kontrolowanego stanu zapalnego, powoduj\u0105c reakcj\u0119 gojenia si\u0119 tkanki.<\/p>\n<p>[\/et_pb_text][et_pb_button button_url=&#8221;@ET-DC@eyJkeW5hbWljIjp0cnVlLCJjb250ZW50IjoicG9zdF9saW5rX3VybF9wYWdlIiwic2V0dGluZ3MiOnsicG9zdF9pZCI6IjY2In19@&#8221; button_text=&#8221;Zapytaj o dost\u0119pno\u015b\u0107 termin\u00f3w&#8221; button_alignment=&#8221;left&#8221; _builder_version=&#8221;4.24.2&#8243; _dynamic_attributes=&#8221;button_url&#8221; _module_preset=&#8221;default&#8221; custom_button=&#8221;on&#8221; button_text_size=&#8221;20px&#8221; button_text_color=&#8221;#FFFFFF&#8221; button_bg_color=&#8221;#daa949&#8243; button_border_color=&#8221;#daa949&#8243; button_border_radius=&#8221;48px&#8221; button_letter_spacing=&#8221;1px&#8221; button_font=&#8221;Montserrat||||||||&#8221; button_use_icon=&#8221;off&#8221; background_layout=&#8221;dark&#8221; custom_margin=&#8221;35px||35px||false|false&#8221; global_colors_info=&#8221;{}&#8221;][\/et_pb_button][\/et_pb_column][\/et_pb_row][et_pb_row _builder_version=&#8221;4.24.2&#8243; _module_preset=&#8221;default&#8221; global_colors_info=&#8221;{}&#8221;][et_pb_column type=&#8221;4_4&#8243; _builder_version=&#8221;4.24.2&#8243; _module_preset=&#8221;default&#8221; global_colors_info=&#8221;{}&#8221;][et_pb_text _builder_version=&#8221;4.24.2&#8243; _module_preset=&#8221;default&#8221; global_colors_info=&#8221;{}&#8221;]<\/p>\n<h3>Przezsk\u00f3rna Elektroliza<\/h3>\n<p>Metoda terapeutyczna, znana jako Terapia Przezsk\u00f3rnej Elektrolizy (EPTE \u00ae), prezentuje prze\u0142omowy krok w&nbsp;leczeniu tendinopatii. Charakteryzuje si\u0119 ona wysok\u0105 efektywno\u015bci\u0105 i&nbsp;jest ma\u0142o inwazyjna dla pacjenta. Przyspiesza ona czas rekonwalescencji, co&nbsp;przek\u0142ada si\u0119 na&nbsp;istotne korzy\u015bci kliniczne i&nbsp;ekonomiczne.<\/p>\n<p>Procedura leczenia opiera si\u0119 na&nbsp;zastosowaniu pr\u0105du galwanicznego bezpo\u015brednio na&nbsp;obszarze uszkodzonej tkanki, za&nbsp;po\u015brednictwem specjalnej ig\u0142y o&nbsp;grubo\u015bci 0,3 mm. W&nbsp;ten spos\u00f3b nast\u0119puje inicjacja kontrolowanego stanu zapalnego, powoduj\u0105c reakcj\u0119 gojenia si\u0119 tkanki.<\/p>\n<p>Zastosowanie elektrolizy rozpoczyna szereg korzystnych proces\u00f3w na&nbsp;poziomie kom\u00f3rkowym, doprowadzaj\u0105c do&nbsp;regeneracji \u015bci\u0119gna, usuwaj\u0105c jej zdegenerowan\u0105 cz\u0119\u015b\u0107 i&nbsp;przywracaj\u0105c jej zdrowy stan. Procedura charakteryzuje si\u0119 wysok\u0105 skuteczno\u015bci\u0105 oraz&nbsp;spe\u0142nia rygorystyczne standardy bezpiecze\u0144stwa i&nbsp;jako\u015bci. Certyfikat CE, kt\u00f3rym&nbsp;dysponuje EPTE \u00ae, jest gwarancj\u0105 zgodno\u015bci z&nbsp;normami UE oraz&nbsp;wysokim poziomem bezpiecze\u0144stwa.<br \/>Dzi\u0119ki Terapii Przezsk\u00f3rnej Elektrolizy mo\u017cliwe jest skuteczne leczenie dolegliwo\u015bci \u015bci\u0119gien, wi\u0119zade\u0142 oraz&nbsp;mi\u0119\u015bni kt\u00f3re, nie&nbsp;odpowiedzia\u0142y na&nbsp;konwencjonalne metody terapeutyczne. W&nbsp;celu optymalizacji rezultat\u00f3w leczenia zaleca si\u0119 unikanie lek\u00f3w przeciwzapalnych oraz&nbsp;lodu, a&nbsp;tak\u017ce przestrzeganie zalece\u0144 dotycz\u0105cych odpowiednich \u0107wicze\u0144.<\/p>\n<p>&nbsp;<\/p>\n<h4>W&nbsp;jakich przypadkach stosuje si\u0119 przezsk\u00f3rn\u0105 elektroliz\u0119 EPTE\u00ae?<\/h4>\n<p><strong>Metod\u0119 Elektrolizy stosuje si\u0119 w&nbsp;przypadku:<\/strong><br \/>\u2022 B\u00f3lu i&nbsp;dysfunkcji w&nbsp;obr\u0119bie sto\u017cka rotator\u00f3w (\u015bci\u0119gno mi\u0119\u015bnia nadgrzebieniowego)<br \/>\u2022 B\u00f3lu kolana \u2013 w&nbsp;przebiegu tzw. \u201ekolana skoczka\u201d (wi\u0119zad\u0142o w\u0142a\u015bciwe rzepki)<br \/>\u2022 Przewlek\u0142ego zapalenia \u015bci\u0119gna Achillesa<br \/>\u2022 B\u00f3lu \u0142okcia \u2013 np.&nbsp;w&nbsp;przebiegu tzw. \u201e\u0142okcia tenisisty\u201d , \u201e\u0142okcia golfisty\u201d<br \/>\u2022 Przewlek\u0142ego zapalenia rozci\u0119gna podeszwowego<br \/>\u2022 Ostrogi pi\u0119towej<br \/>\u2022 W&nbsp;przebiegu bolesnych zrost\u00f3w i&nbsp;blizn \u015br\u00f3dmi\u0119\u015bniowych (np.&nbsp;po&nbsp;naderwaniu mi\u0119\u015bni)<br \/>\u2022 B\u00f3lu mi\u0119\u015bni kulszowo-golenowiowych (przy przyczepie na&nbsp;guzie kulszowym)<br \/>\u2022 B\u00f3lu ko\u015bci \u0142onowej<\/p>\n<p>[\/et_pb_text][\/et_pb_column][\/et_pb_row][\/et_pb_section][et_pb_section fb_built=&#8221;1&#8243; admin_label=&#8221;Contact Info Section&#8221; _builder_version=&#8221;4.16&#8243; background_color=&#8221;#fafbfc&#8221; min_height=&#8221;500px&#8221; custom_padding=&#8221;30px|0px|30px|0px|true|&#8221; locked=&#8221;off&#8221; global_colors_info=&#8221;{}&#8221;][et_pb_row _builder_version=&#8221;4.16&#8243; global_colors_info=&#8221;{}&#8221;][et_pb_column type=&#8221;4_4&#8243; _builder_version=&#8221;4.16&#8243; custom_padding=&#8221;|||&#8221; global_colors_info=&#8221;{}&#8221; custom_padding__hover=&#8221;|||&#8221;][et_pb_text _builder_version=&#8221;4.16&#8243; text_font=&#8221;Roboto||||||||&#8221; text_text_color=&#8221;#70B2BE&#8221; header_font=&#8221;||||||||&#8221; header_3_font=&#8221;Roboto|600|||||||&#8221; header_3_text_color=&#8221;#44d89e&#8221; header_3_font_size=&#8221;36px&#8221; header_3_line_height=&#8221;1.4em&#8221; text_orientation=&#8221;center&#8221; locked=&#8221;off&#8221; global_colors_info=&#8221;{}&#8221;]<\/p>\n<h3><span style=\"color: #70b2be;\">Napisz do&nbsp;nas<\/span><\/h3>\n<p>[\/et_pb_text][\/et_pb_column][\/et_pb_row][et_pb_row _builder_version=&#8221;4.16&#8243; global_colors_info=&#8221;{}&#8221;][et_pb_column type=&#8221;4_4&#8243; _builder_version=&#8221;4.16&#8243; custom_padding=&#8221;|||&#8221; global_colors_info=&#8221;{}&#8221; custom_padding__hover=&#8221;|||&#8221;][et_pb_contact_form email=&#8221;piotr.klocek@osseus.pl&#8221; custom_message=&#8221;Imie: %%Imi\u0119_i_nazwisko%%||et_pb_line_break_holder||Adres mailowy: %%Email%%||et_pb_line_break_holder||Wiadomo\u015b\u0107: %%Wiadomo\u015b\u0107%%||et_pb_line_break_holder||Zgoda: %%Zgoda%%||et_pb_line_break_holder||&#8221; success_message=&#8221;Dzi\u0119kujemy za skontaktowanie si\u0119 z nami.&#8221; module_id=&#8221;et_pb_contact_form_0&#8243; _builder_version=&#8221;4.17.4&#8243; _unique_id=&#8221;d1f1b793-ac7f-458c-9de0-30dd405f8d81&#8243; form_field_font=&#8221;Poppins||||||||&#8221; form_field_font_size=&#8221;14px&#8221; custom_button=&#8221;on&#8221; button_text_size=&#8221;20px&#8221; button_text_color=&#8221;#ffffff&#8221; button_bg_color=&#8221;#70B2BE&#8221; button_border_width=&#8221;0px&#8221; button_border_color=&#8221;#44d89e&#8221; button_border_radius=&#8221;100px&#8221; button_letter_spacing=&#8221;1px&#8221; button_font=&#8221;Roboto|500||on|||||&#8221; button_use_icon=&#8221;off&#8221; custom_margin=&#8221;|||&#8221; custom_padding=&#8221;|||&#8221; border_radii=&#8221;on|6px|6px|6px|6px&#8221; box_shadow_style=&#8221;preset1&#8243; box_shadow_vertical=&#8221;10px&#8221; box_shadow_blur=&#8221;24px&#8221; box_shadow_spread=&#8221;6px&#8221; box_shadow_color=&#8221;rgba(0,0,0,0.06)&#8221; box_shadow_style_button=&#8221;preset3&#8243; box_shadow_color_button=&#8221;rgba(68,216,158,0.41)&#8221; global_colors_info=&#8221;{}&#8221;][et_pb_contact_field field_id=&#8221;Imi\u0119_i_nazwisko&#8221; field_title=&#8221;Imi\u0119 i nazwisko&#8221; _builder_version=&#8221;4.16&#8243; form_field_background_color=&#8221;#fcfcfc&#8221; form_field_font=&#8221;|500|||||||&#8221; field_background_color=&#8221;#fcfcfc&#8221; global_colors_info=&#8221;{}&#8221; button_text_size__hover_enabled=&#8221;off&#8221; button_one_text_size__hover_enabled=&#8221;off&#8221; button_two_text_size__hover_enabled=&#8221;off&#8221; button_text_color__hover_enabled=&#8221;off&#8221; button_one_text_color__hover_enabled=&#8221;off&#8221; button_two_text_color__hover_enabled=&#8221;off&#8221; button_border_width__hover_enabled=&#8221;off&#8221; button_one_border_width__hover_enabled=&#8221;off&#8221; button_two_border_width__hover_enabled=&#8221;off&#8221; button_border_color__hover_enabled=&#8221;off&#8221; button_one_border_color__hover_enabled=&#8221;off&#8221; button_two_border_color__hover_enabled=&#8221;off&#8221; button_border_radius__hover_enabled=&#8221;off&#8221; button_one_border_radius__hover_enabled=&#8221;off&#8221; button_two_border_radius__hover_enabled=&#8221;off&#8221; button_letter_spacing__hover_enabled=&#8221;off&#8221; button_one_letter_spacing__hover_enabled=&#8221;off&#8221; button_two_letter_spacing__hover_enabled=&#8221;off&#8221; button_bg_color__hover_enabled=&#8221;off&#8221; button_one_bg_color__hover_enabled=&#8221;off&#8221; button_two_bg_color__hover_enabled=&#8221;off&#8221;][\/et_pb_contact_field][et_pb_contact_field field_id=&#8221;Email&#8221; field_title=&#8221;E-mail&#8221; field_type=&#8221;email&#8221; _builder_version=&#8221;4.16&#8243; form_field_background_color=&#8221;#ffffff&#8221; form_field_font=&#8221;|500|||||||&#8221; field_background_color=&#8221;#ffffff&#8221; global_colors_info=&#8221;{}&#8221; button_text_size__hover_enabled=&#8221;off&#8221; button_one_text_size__hover_enabled=&#8221;off&#8221; button_two_text_size__hover_enabled=&#8221;off&#8221; button_text_color__hover_enabled=&#8221;off&#8221; button_one_text_color__hover_enabled=&#8221;off&#8221; button_two_text_color__hover_enabled=&#8221;off&#8221; button_border_width__hover_enabled=&#8221;off&#8221; button_one_border_width__hover_enabled=&#8221;off&#8221; button_two_border_width__hover_enabled=&#8221;off&#8221; button_border_color__hover_enabled=&#8221;off&#8221; button_one_border_color__hover_enabled=&#8221;off&#8221; button_two_border_color__hover_enabled=&#8221;off&#8221; button_border_radius__hover_enabled=&#8221;off&#8221; button_one_border_radius__hover_enabled=&#8221;off&#8221; button_two_border_radius__hover_enabled=&#8221;off&#8221; button_letter_spacing__hover_enabled=&#8221;off&#8221; button_one_letter_spacing__hover_enabled=&#8221;off&#8221; button_two_letter_spacing__hover_enabled=&#8221;off&#8221; button_bg_color__hover_enabled=&#8221;off&#8221; button_one_bg_color__hover_enabled=&#8221;off&#8221; button_two_bg_color__hover_enabled=&#8221;off&#8221;][\/et_pb_contact_field][et_pb_contact_field field_id=&#8221;Wiadomo\u015b\u0107&#8221; field_title=&#8221;Tre\u015b\u0107 wiadomo\u015bci&#8221; field_type=&#8221;text&#8221; fullwidth_field=&#8221;on&#8221; _builder_version=&#8221;4.16&#8243; form_field_background_color=&#8221;#ffffff&#8221; form_field_font=&#8221;|500|||||||&#8221; field_background_color=&#8221;#ffffff&#8221; global_colors_info=&#8221;{}&#8221; button_text_size__hover_enabled=&#8221;off&#8221; button_one_text_size__hover_enabled=&#8221;off&#8221; button_two_text_size__hover_enabled=&#8221;off&#8221; button_text_color__hover_enabled=&#8221;off&#8221; button_one_text_color__hover_enabled=&#8221;off&#8221; button_two_text_color__hover_enabled=&#8221;off&#8221; button_border_width__hover_enabled=&#8221;off&#8221; button_one_border_width__hover_enabled=&#8221;off&#8221; button_two_border_width__hover_enabled=&#8221;off&#8221; button_border_color__hover_enabled=&#8221;off&#8221; button_one_border_color__hover_enabled=&#8221;off&#8221; button_two_border_color__hover_enabled=&#8221;off&#8221; button_border_radius__hover_enabled=&#8221;off&#8221; button_one_border_radius__hover_enabled=&#8221;off&#8221; button_two_border_radius__hover_enabled=&#8221;off&#8221; button_letter_spacing__hover_enabled=&#8221;off&#8221; button_one_letter_spacing__hover_enabled=&#8221;off&#8221; button_two_letter_spacing__hover_enabled=&#8221;off&#8221; button_bg_color__hover_enabled=&#8221;off&#8221; button_one_bg_color__hover_enabled=&#8221;off&#8221; button_two_bg_color__hover_enabled=&#8221;off&#8221;][\/et_pb_contact_field][et_pb_contact_field field_id=&#8221;Zgoda&#8221; field_title=&#8221;Wyra\u017cam zgod\u0119 na przetwarzanie przez HANKUS KLOCEK OSSEUS FIZJOTERAPIA S.C moich danych osobowych w celach marketingowych, w tym na profilowanie w tych celach. Wyra\u017cona zgoda mo\u017ce by\u0107 odwo\u0142ana w ka\u017cdym czasie. W celu przedstawienia przez HANKUS KLOCEK OSSEUS FIZJOTERAPIA S.C indywidualnej oferty produkt\u00f3w i us\u0142ug za pomoc\u0105 \u015brodk\u00f3w telekomunikacji elektronicznej, wyra\u017cenie zgody jest niezb\u0119dne. Wi\u0119cej informacji na temat przetwarzania danych osobowych znajduje si\u0119 w naszej Polityce prywatno\u015bci&#8221; field_type=&#8221;checkbox&#8221; checkbox_options=&#8221;%91{%22value%22:%22Wyra\u017cam zgod\u0119. %22,%22checked%22:0,%22dragID%22:-1}%93&#8243; fullwidth_field=&#8221;on&#8221; _builder_version=&#8221;4.16&#8243; _module_preset=&#8221;default&#8221; form_field_background_color=&#8221;#70B2BE&#8221; form_field_text_color=&#8221;#4c4c47&#8243; form_field_focus_background_color=&#8221;#4c4c47&#8243; form_field_focus_text_color=&#8221;#4c4c47&#8243; form_field_font=&#8221;Montserrat|300|||||||&#8221; form_field_font_size=&#8221;10px&#8221; form_field_line_height=&#8221;1.3em&#8221; link_option_url=&#8221;https:\/\/osseus.pl\/?page_id=3&#8243; link_option_url_new_window=&#8221;on&#8221; global_colors_info=&#8221;{}&#8221;][\/et_pb_contact_field][\/et_pb_contact_form][\/et_pb_column][\/et_pb_row][\/et_pb_section]<\/p>\n","protected":false},"excerpt":{"rendered":"<p>Przezsk\u00f3rna elektroliza EPTE \u00ae Metoda terapeutyczna, znana jako Terapia Przezsk\u00f3rnej Elektrolizy (EPTE \u00ae), prezentuje prze\u0142omowy krok w&nbsp;leczeniu tendinopatii. Charakteryzuje si\u0119 ona wysok\u0105 efektywno\u015bci\u0105 i&nbsp;jest ma\u0142o inwazyjna dla pacjenta. Przyspiesza ona czas rekonwalescencji, co&nbsp;przek\u0142ada si\u0119 na&nbsp;istotne korzy\u015bci kliniczne i&nbsp;ekonomiczne. Procedura leczenia opiera si\u0119 na&nbsp;zastosowaniu pr\u0105du galwanicznego bezpo\u015brednio na&nbsp;obszarze uszkodzonej tkanki, za&nbsp;po\u015brednictwem specjalnej ig\u0142y o&nbsp;grubo\u015bci 0,3 mm. [&hellip;]<\/p>\n","protected":false},"author":1,"featured_media":0,"parent":0,"menu_order":0,"comment_status":"closed","ping_status":"closed","template":"","meta":{"_et_pb_use_builder":"on","_et_pb_old_content":"","_et_gb_content_width":"","footnotes":""},"class_list":["post-534","page","type-page","status-publish","hentry"],"yoast_head":"<!-- This site is optimized with the Yoast SEO plugin v27.1.1 - https:\/\/yoast.com\/product\/yoast-seo-wordpress\/ -->\n<title>Przezsk\u00f3rna elektroliza EPTE<\/title>\n<meta name=\"description\" content=\"Przezsk\u00f3rna elektroliza EPTE\" \/>\n<meta name=\"robots\" content=\"index, follow, max-snippet:-1, max-image-preview:large, max-video-preview:-1\" \/>\n<link rel=\"canonical\" href=\"https:\/\/osseus.pl\/?page_id=534\" \/>\n<meta property=\"og:locale\" content=\"pl_PL\" \/>\n<meta property=\"og:type\" content=\"article\" \/>\n<meta property=\"og:title\" content=\"Przezsk\u00f3rna elektroliza EPTE\" \/>\n<meta property=\"og:description\" content=\"Przezsk\u00f3rna elektroliza EPTE\" \/>\n<meta property=\"og:url\" content=\"https:\/\/osseus.pl\/?page_id=534\" \/>\n<meta property=\"og:site_name\" content=\"Osseus fizjoterapia\" \/>\n<meta property=\"article:modified_time\" content=\"2024-04-03T10:22:20+00:00\" \/>\n<meta name=\"twitter:card\" content=\"summary_large_image\" \/>\n<script type=\"application\/ld+json\" class=\"yoast-schema-graph\">{\"@context\":\"https:\/\/schema.org\",\"@graph\":[{\"@type\":\"WebPage\",\"@id\":\"https:\/\/osseus.pl\/?page_id=534\",\"url\":\"https:\/\/osseus.pl\/?page_id=534\",\"name\":\"Przezsk\u00f3rna elektroliza EPTE\",\"isPartOf\":{\"@id\":\"https:\/\/osseus.pl\/#website\"},\"datePublished\":\"2024-03-28T10:26:56+00:00\",\"dateModified\":\"2024-04-03T10:22:20+00:00\",\"description\":\"Przezsk\u00f3rna elektroliza EPTE\",\"breadcrumb\":{\"@id\":\"https:\/\/osseus.pl\/?page_id=534#breadcrumb\"},\"inLanguage\":\"pl-PL\",\"potentialAction\":[{\"@type\":\"ReadAction\",\"target\":[\"https:\/\/osseus.pl\/?page_id=534\"]}]},{\"@type\":\"BreadcrumbList\",\"@id\":\"https:\/\/osseus.pl\/?page_id=534#breadcrumb\",\"itemListElement\":[{\"@type\":\"ListItem\",\"position\":1,\"name\":\"Home\",\"item\":\"https:\/\/osseus.pl\/\"},{\"@type\":\"ListItem\",\"position\":2,\"name\":\"Przezsk\u00f3rna elektroliza EPTE\"}]},{\"@type\":\"WebSite\",\"@id\":\"https:\/\/osseus.pl\/#website\",\"url\":\"https:\/\/osseus.pl\/\",\"name\":\"Osseus fizjoterapia\",\"description\":\"Osseus fizjoterapia Krak\u00f3w\",\"potentialAction\":[{\"@type\":\"SearchAction\",\"target\":{\"@type\":\"EntryPoint\",\"urlTemplate\":\"https:\/\/osseus.pl\/?s={search_term_string}\"},\"query-input\":{\"@type\":\"PropertyValueSpecification\",\"valueRequired\":true,\"valueName\":\"search_term_string\"}}],\"inLanguage\":\"pl-PL\"}]}<\/script>\n<!-- \/ Yoast SEO plugin. -->","yoast_head_json":{"title":"Przezsk\u00f3rna elektroliza EPTE","description":"Przezsk\u00f3rna elektroliza EPTE","robots":{"index":"index","follow":"follow","max-snippet":"max-snippet:-1","max-image-preview":"max-image-preview:large","max-video-preview":"max-video-preview:-1"},"canonical":"https:\/\/osseus.pl\/?page_id=534","og_locale":"pl_PL","og_type":"article","og_title":"Przezsk\u00f3rna elektroliza EPTE","og_description":"Przezsk\u00f3rna elektroliza EPTE","og_url":"https:\/\/osseus.pl\/?page_id=534","og_site_name":"Osseus fizjoterapia","article_modified_time":"2024-04-03T10:22:20+00:00","twitter_card":"summary_large_image","schema":{"@context":"https:\/\/schema.org","@graph":[{"@type":"WebPage","@id":"https:\/\/osseus.pl\/?page_id=534","url":"https:\/\/osseus.pl\/?page_id=534","name":"Przezsk\u00f3rna elektroliza EPTE","isPartOf":{"@id":"https:\/\/osseus.pl\/#website"},"datePublished":"2024-03-28T10:26:56+00:00","dateModified":"2024-04-03T10:22:20+00:00","description":"Przezsk\u00f3rna elektroliza EPTE","breadcrumb":{"@id":"https:\/\/osseus.pl\/?page_id=534#breadcrumb"},"inLanguage":"pl-PL","potentialAction":[{"@type":"ReadAction","target":["https:\/\/osseus.pl\/?page_id=534"]}]},{"@type":"BreadcrumbList","@id":"https:\/\/osseus.pl\/?page_id=534#breadcrumb","itemListElement":[{"@type":"ListItem","position":1,"name":"Home","item":"https:\/\/osseus.pl\/"},{"@type":"ListItem","position":2,"name":"Przezsk\u00f3rna elektroliza EPTE"}]},{"@type":"WebSite","@id":"https:\/\/osseus.pl\/#website","url":"https:\/\/osseus.pl\/","name":"Osseus fizjoterapia","description":"Osseus fizjoterapia Krak\u00f3w","potentialAction":[{"@type":"SearchAction","target":{"@type":"EntryPoint","urlTemplate":"https:\/\/osseus.pl\/?s={search_term_string}"},"query-input":{"@type":"PropertyValueSpecification","valueRequired":true,"valueName":"search_term_string"}}],"inLanguage":"pl-PL"}]}},"_links":{"self":[{"href":"https:\/\/osseus.pl\/index.php?rest_route=\/wp\/v2\/pages\/534","targetHints":{"allow":["GET"]}}],"collection":[{"href":"https:\/\/osseus.pl\/index.php?rest_route=\/wp\/v2\/pages"}],"about":[{"href":"https:\/\/osseus.pl\/index.php?rest_route=\/wp\/v2\/types\/page"}],"author":[{"embeddable":true,"href":"https:\/\/osseus.pl\/index.php?rest_route=\/wp\/v2\/users\/1"}],"replies":[{"embeddable":true,"href":"https:\/\/osseus.pl\/index.php?rest_route=%2Fwp%2Fv2%2Fcomments&post=534"}],"version-history":[{"count":7,"href":"https:\/\/osseus.pl\/index.php?rest_route=\/wp\/v2\/pages\/534\/revisions"}],"predecessor-version":[{"id":595,"href":"https:\/\/osseus.pl\/index.php?rest_route=\/wp\/v2\/pages\/534\/revisions\/595"}],"wp:attachment":[{"href":"https:\/\/osseus.pl\/index.php?rest_route=%2Fwp%2Fv2%2Fmedia&parent=534"}],"curies":[{"name":"wp","href":"https:\/\/api.w.org\/{rel}","templated":true}]}}