{"id":510,"date":"2024-03-28T09:37:06","date_gmt":"2024-03-28T08:37:06","guid":{"rendered":"https:\/\/osseus.pl\/?page_id=510"},"modified":"2026-03-08T11:47:38","modified_gmt":"2026-03-08T10:47:38","slug":"regulamin-osseus","status":"publish","type":"page","link":"https:\/\/osseus.pl\/?page_id=510","title":{"rendered":"Regulamin Osseus"},"content":{"rendered":"<p>[et_pb_section fb_built=&#8221;1&#8243; _builder_version=&#8221;4.24.2&#8243; _module_preset=&#8221;default&#8221; global_colors_info=&#8221;{}&#8221;][et_pb_row _builder_version=&#8221;4.24.2&#8243; _module_preset=&#8221;default&#8221; custom_padding=&#8221;16px|||||&#8221; global_colors_info=&#8221;{}&#8221;][et_pb_column type=&#8221;4_4&#8243; _builder_version=&#8221;4.24.2&#8243; _module_preset=&#8221;default&#8221; global_colors_info=&#8221;{}&#8221;][et_pb_text _builder_version=&#8221;4.27.4&#8243; _module_preset=&#8221;default&#8221; global_colors_info=&#8221;{}&#8221;]<\/p>\n<h1 style=\"text-align: center;\">REGULAMIN GABINETU OSSEUS FIZJOTERAPIA<\/h1>\n<p style=\"text-align: center;\">1.Podstawowym celem i\u00a0zadaniem podmiotu leczniczego jest udzielanie \u015bwiadcze\u0144 zdrowotnych w\u00a0zakresie rehabilitacji leczniczej oraz\u00a0promocji zdrowia przez\u00a0osoby do\u00a0tego uprawnione na\u00a0podstawie przepis\u00f3w prawa i\u00a0sta\u0142e podnoszenie poziomu \u015bwiadczonych us\u0142ug.<\/p>\n<p style=\"text-align: center;\">2. Nazwa podmiotu leczniczego: Osseus Fizjoterapia, ul.\u00a0Pleszowska 29, 31-228 Krak\u00f3w<\/p>\n<p style=\"text-align: center;\">3. Nazwa zak\u0142adu leczniczego: Osseus Fizjoterapia, ul.\u00a0Pleszowska 29, 31-228 Krak\u00f3w<\/p>\n<p style=\"text-align: center;\">4. Nazwa jednostki organizacyjnej: Osseus Fizjoterapia, ul.\u00a0Pleszowska 29, 31-228 Krak\u00f3w<\/p>\n<p style=\"text-align: center;\">5. Nazwa kom\u00f3rki organizacyjnej: Osseus Fizjoterapia, ul.\u00a0Pleszowska 29, 31-228 Krak\u00f3w<\/p>\n<p style=\"text-align: center;\">6. Rehabilitacja odbywa si\u0119 od\u00a0poniedzia\u0142ku do\u00a0soboty w\u00a0godzinach wcze\u015bniej um\u00f3wionych w\u00a0spos\u00f3b telefoniczny lub drog\u0105 online i\u00a0potwierdzonych przez\u00a0pracownika Osseus Fizjoterapia.<\/p>\n<p style=\"text-align: center;\">7. Plac\u00f3wka udziela \u015bwiadcze\u0144 opieki zdrowotnej \u015bwiadczone w\u00a0warunkach ambulatoryjnych oraz\u00a0domowych w\u00a0przypadku os\u00f3b niepe\u0142nosprawnych rodzaju rehabilitacji leczniczej w\u00a0zakres fizjoterapii ambulatoryjnej oraz\u00a0domowej.<\/p>\n<p style=\"text-align: center;\">8. Zakresem dzia\u0142alno\u015bci jest udzielnaie \u015bwiadcze\u0144 zdrowotnych zgodnych z\u00a0ustaw\u0105 o\u00a0zawodzie fizjoterapeuty.<br \/>9. Katalog zabieg\u00f3w fizjoterapeutycznych sk\u0142ada si\u0119: Kinezyterapii,Terapii Manualnej, Drena\u017cu limfatycznego, Suchego Ig\u0142owania, Przezsk\u00f3rnej Elektrolizy, Przezsk\u00f3rnej Neuromodulacji, .<br \/>10. Osseus Fizjoterapia realizuje \u015bwiadczenia zdrowotne wy\u0142\u0105cznie w\u00a0spos\u00f3b komercyjny, odp\u0142atnie<\/p>\n<p style=\"text-align: center;\">11. Kontakt z\u00a0Osseus Fizjoterapia mo\u017cliwy jest od\u00a0poniedzia\u0142ku do\u00a0soboty pod\u00a0numerami:<br \/>513123632, 668128880<\/p>\n<p style=\"text-align: center;\">12. Op\u0142ata za\u00a0zrealizowanie zabiegu pobierana jest na\u00a0ko\u0144cu wizyty w\u00a0formie p\u0142atno\u015bci got\u00f3wk\u0105, kart\u0105 lub BLIK.\u00a0<\/p>\n<p style=\"text-align: center;\">13. Cena jednego zabiegu wynosi 200 z\u0142 ( s\u0142ownie sto osiemdziesi\u0105t z\u0142otych), cena terapii z u\u017cyciem metod inwazyjnych wynosi 220 z\u0142 ( s\u0142ownie dwie\u015bcie z\u0142otych)<\/p>\n<p style=\"text-align: center;\">14. W\u00a0przypadku gdy\u00a0pacjent nie\u00a0stawi si\u0119 na\u00a0wizyt\u0119, lub nie\u00a0odwo\u0142a jej na\u00a0minimum 12 godzin przed\u00a0rozpocz\u0119ciem, pacjent zobowi\u0105zany jest do\u00a0pokrycia 50% warto\u015bci zabiegu, w\u00a0trakcie kolejnej wizyty.<\/p>\n<p style=\"text-align: center;\">15. Rehabilitacja w\u00a0warunkach domowych przeznaczona jest dla pacjenta, kt\u00f3ry\u00a0nie\u00a0porusza si\u0119 samodzielnie i\u00a0nie\u00a0ma\u00a0mo\u017cliwo\u015bci dotarcia do\u00a0plac\u00f3wki rehabilitacyjnej, kt\u00f3ra\u00a0udziela \u015bwiadcze\u0144 w\u00a0trybie ambulatoryjnym.<\/p>\n<p style=\"text-align: center;\">16. Czas trwania zabiegu fizjoterapeutycznego wynosi od\u00a045 do\u00a060 minut w\u00a0zale\u017cno\u015bci od\u00a0problemu, z\u00a0kt\u00f3rym\u00a0zg\u0142osi\u0142 si\u0119 pacjent.<\/p>\n<p style=\"text-align: center;\">17. W\u00a0przypadku rejestracji online i\u00a0podania przez\u00a0pacjenta adresu email, dzie\u0144 przed\u00a0planowan\u0105 wizyt\u0105 otrzyma on\/ona przypomnienie drog\u0105 mailow\u0105.<\/p>\n<p style=\"text-align: center;\">18. Pacjent ma\u00a0obowi\u0105zek przestrzegania zasad higieny osobistej.<\/p>\n<p style=\"text-align: center;\">19. Przed\u00a0zabiegami nale\u017cy poinformowa\u0107 fizjoterapeut\u0119 o\u00a0przeciwskazaniach do\u00a0zabieg\u00f3w: ci\u0105\u017ca, miesi\u0105czka, choroba nowotworowa, padaczka, rozrusznik serca, metal w\u00a0organizmie, infekcja, gor\u0105czka, choroba zaka\u017ana.<\/p>\n<p style=\"text-align: center;\">20. Przed\u00a0rozpocz\u0119ciem rehabilitacji pacjent wyra\u017ca zgod\u0119 na\u00a0wykonanie przedstawionych mu\u00a0zabieg\u00f3w fizjoterapeutycznych.<\/p>\n<p style=\"text-align: center;\">21. Przed\u00a0rozpocz\u0119ciem rehabilitacji pacjent zostaje zaznajomiony z\u00a0tre\u015bci\u0105:<br \/>a. Regulaminu podmiotu leczniczego Osseus Fizjoterapia oraz\u00a0zobowi\u0105zuje si\u0119 do\u00a0jego przestrzegania<br \/>b.\u00a0Mo\u017cliwo\u015bci\u0105 upowa\u017cnienia innych os\u00f3b do\u00a0uzyskiwania informacji o\u00a0stanie zdrowia pacjenta i\u00a0udzielonych pacjentowi \u015bwiadcze\u0144 zdrowotnych.<br \/>c. Mo\u017cliwo\u015bci\u0105 upowa\u017cnienia innych os\u00f3b do\u00a0uzyskiwania dokumentacji medczynej dotycz\u0105cej pacjenta.<br \/>d. O\u015bwiadczeniem dotycz\u0105cych klauzuli informacyjnej dotycz\u0105cych pacjent\u00f3w rehabilitowanych w\u00a0podmiocie Osseus Fizjoterapia<br \/>22. \u015awiadczenia zdrowotne w\u00a0gabinecie rehabilitacji udzielane s\u0105\u00a0wy\u0142\u0105cznie przez\u00a0fizjoterapeut\u00f3w, kt\u00f3rzy\u00a0maj\u0105 odpowiednie kwalifikacje i\u00a0uprawnienia do\u00a0wykonywania zawodu.<br \/>23. Osseus Fizjoterapia prowadzi dokumentacj\u0119 medyczn\u0105 os\u00f3b korzystaj\u0105cych ze\u00a0\u015bwiadcze\u0144 zdrowotnych oraz\u00a0zapewnia ochron\u0119 i\u00a0poufno\u015b\u0107 danych zawartych w\u00a0tej\u00a0dokumentacji zgodnie z\u00a0powszechnie obowi\u0105zuj\u0105cymi przepisami prawa.<\/p>\n<p style=\"text-align: center;\">24. Personel jest zobowi\u0105zany do\u00a0przestrzegania procedur higienicznych i\u00a0zasad BHP.<\/p>\n<p style=\"text-align: center;\">25. Zg\u0142oszenia skarg, wniosk\u00f3w i\u00a0opinii mo\u017cna dokona\u0107 pod\u00a0numerami: 513123632, 668128880<\/p>\n<p>[\/et_pb_text][\/et_pb_column][\/et_pb_row][\/et_pb_section][et_pb_section fb_built=&#8221;1&#8243; admin_label=&#8221;Contact Info Section&#8221; _builder_version=&#8221;4.16&#8243; background_color=&#8221;#fafbfc&#8221; min_height=&#8221;500px&#8221; custom_padding=&#8221;30px|0px|30px|0px|true|&#8221; locked=&#8221;off&#8221; global_colors_info=&#8221;{}&#8221;][et_pb_row _builder_version=&#8221;4.16&#8243; global_colors_info=&#8221;{}&#8221;][et_pb_column type=&#8221;4_4&#8243; _builder_version=&#8221;4.16&#8243; custom_padding=&#8221;|||&#8221; global_colors_info=&#8221;{}&#8221; custom_padding__hover=&#8221;|||&#8221;][et_pb_contact_form module_id=&#8221;et_pb_contact_form_0&#8243; _builder_version=&#8221;4.16&#8243; _unique_id=&#8221;d1f1b793-ac7f-458c-9de0-30dd405f8d81&#8243; form_field_font=&#8221;Poppins||||||||&#8221; form_field_font_size=&#8221;14px&#8221; custom_button=&#8221;on&#8221; button_text_size=&#8221;20px&#8221; button_text_color=&#8221;#ffffff&#8221; button_bg_color=&#8221;#70B2BE&#8221; button_border_width=&#8221;0px&#8221; button_border_color=&#8221;#44d89e&#8221; button_border_radius=&#8221;100px&#8221; button_letter_spacing=&#8221;1px&#8221; button_font=&#8221;Roboto|500||on|||||&#8221; button_use_icon=&#8221;off&#8221; custom_margin=&#8221;|||&#8221; custom_padding=&#8221;|||&#8221; border_radii=&#8221;on|6px|6px|6px|6px&#8221; box_shadow_style=&#8221;preset1&#8243; box_shadow_vertical=&#8221;10px&#8221; box_shadow_blur=&#8221;24px&#8221; box_shadow_spread=&#8221;6px&#8221; box_shadow_color=&#8221;rgba(0,0,0,0.06)&#8221; box_shadow_style_button=&#8221;preset3&#8243; box_shadow_color_button=&#8221;rgba(68,216,158,0.41)&#8221; global_colors_info=&#8221;{}&#8221;][et_pb_contact_field field_id=&#8221;Imi\u0119_i_nazwisko&#8221; field_title=&#8221;Imi\u0119 i\u00a0nazwisko&#8221; _builder_version=&#8221;4.16&#8243; form_field_background_color=&#8221;#fcfcfc&#8221; form_field_font=&#8221;|500|||||||&#8221; field_background_color=&#8221;#fcfcfc&#8221; global_colors_info=&#8221;{}&#8221; button_text_size__hover_enabled=&#8221;off&#8221; button_one_text_size__hover_enabled=&#8221;off&#8221; button_two_text_size__hover_enabled=&#8221;off&#8221; button_text_color__hover_enabled=&#8221;off&#8221; button_one_text_color__hover_enabled=&#8221;off&#8221; button_two_text_color__hover_enabled=&#8221;off&#8221; button_border_width__hover_enabled=&#8221;off&#8221; button_one_border_width__hover_enabled=&#8221;off&#8221; button_two_border_width__hover_enabled=&#8221;off&#8221; button_border_color__hover_enabled=&#8221;off&#8221; button_one_border_color__hover_enabled=&#8221;off&#8221; button_two_border_color__hover_enabled=&#8221;off&#8221; button_border_radius__hover_enabled=&#8221;off&#8221; button_one_border_radius__hover_enabled=&#8221;off&#8221; button_two_border_radius__hover_enabled=&#8221;off&#8221; button_letter_spacing__hover_enabled=&#8221;off&#8221; button_one_letter_spacing__hover_enabled=&#8221;off&#8221; button_two_letter_spacing__hover_enabled=&#8221;off&#8221; button_bg_color__hover_enabled=&#8221;off&#8221; button_one_bg_color__hover_enabled=&#8221;off&#8221; button_two_bg_color__hover_enabled=&#8221;off&#8221;][\/et_pb_contact_field][et_pb_contact_field field_id=&#8221;Email&#8221; field_title=&#8221;E-mail&#8221; field_type=&#8221;email&#8221; _builder_version=&#8221;4.16&#8243; form_field_background_color=&#8221;#ffffff&#8221; form_field_font=&#8221;|500|||||||&#8221; field_background_color=&#8221;#ffffff&#8221; global_colors_info=&#8221;{}&#8221; button_text_size__hover_enabled=&#8221;off&#8221; button_one_text_size__hover_enabled=&#8221;off&#8221; button_two_text_size__hover_enabled=&#8221;off&#8221; button_text_color__hover_enabled=&#8221;off&#8221; button_one_text_color__hover_enabled=&#8221;off&#8221; button_two_text_color__hover_enabled=&#8221;off&#8221; button_border_width__hover_enabled=&#8221;off&#8221; button_one_border_width__hover_enabled=&#8221;off&#8221; button_two_border_width__hover_enabled=&#8221;off&#8221; button_border_color__hover_enabled=&#8221;off&#8221; button_one_border_color__hover_enabled=&#8221;off&#8221; button_two_border_color__hover_enabled=&#8221;off&#8221; button_border_radius__hover_enabled=&#8221;off&#8221; button_one_border_radius__hover_enabled=&#8221;off&#8221; button_two_border_radius__hover_enabled=&#8221;off&#8221; button_letter_spacing__hover_enabled=&#8221;off&#8221; button_one_letter_spacing__hover_enabled=&#8221;off&#8221; button_two_letter_spacing__hover_enabled=&#8221;off&#8221; button_bg_color__hover_enabled=&#8221;off&#8221; button_one_bg_color__hover_enabled=&#8221;off&#8221; button_two_bg_color__hover_enabled=&#8221;off&#8221;][\/et_pb_contact_field][et_pb_contact_field field_id=&#8221;Wiadomo\u015b\u0107&#8221; field_title=&#8221;Tre\u015b\u0107 wiadomo\u015bci&#8221; field_type=&#8221;text&#8221; fullwidth_field=&#8221;on&#8221; _builder_version=&#8221;4.16&#8243; form_field_background_color=&#8221;#ffffff&#8221; form_field_font=&#8221;|500|||||||&#8221; field_background_color=&#8221;#ffffff&#8221; global_colors_info=&#8221;{}&#8221; button_text_size__hover_enabled=&#8221;off&#8221; button_one_text_size__hover_enabled=&#8221;off&#8221; button_two_text_size__hover_enabled=&#8221;off&#8221; button_text_color__hover_enabled=&#8221;off&#8221; button_one_text_color__hover_enabled=&#8221;off&#8221; button_two_text_color__hover_enabled=&#8221;off&#8221; button_border_width__hover_enabled=&#8221;off&#8221; button_one_border_width__hover_enabled=&#8221;off&#8221; button_two_border_width__hover_enabled=&#8221;off&#8221; button_border_color__hover_enabled=&#8221;off&#8221; button_one_border_color__hover_enabled=&#8221;off&#8221; button_two_border_color__hover_enabled=&#8221;off&#8221; button_border_radius__hover_enabled=&#8221;off&#8221; button_one_border_radius__hover_enabled=&#8221;off&#8221; button_two_border_radius__hover_enabled=&#8221;off&#8221; button_letter_spacing__hover_enabled=&#8221;off&#8221; button_one_letter_spacing__hover_enabled=&#8221;off&#8221; button_two_letter_spacing__hover_enabled=&#8221;off&#8221; button_bg_color__hover_enabled=&#8221;off&#8221; button_one_bg_color__hover_enabled=&#8221;off&#8221; button_two_bg_color__hover_enabled=&#8221;off&#8221;][\/et_pb_contact_field][et_pb_contact_field field_id=&#8221;Zgoda&#8221; field_title=&#8221;Wyra\u017cam zgod\u0119 na\u00a0przetwarzanie przez\u00a0HANKUS KLOCEK OSSEUS FIZJOTERAPIA S.C moich\u00a0danych osobowych w\u00a0celach marketingowych, w\u00a0tym na\u00a0profilowanie w\u00a0tych celach. Wyra\u017cona zgoda mo\u017ce by\u0107 odwo\u0142ana w\u00a0ka\u017cdym czasie. W\u00a0celu przedstawienia przez\u00a0HANKUS KLOCEK OSSEUS FIZJOTERAPIA S.C indywidualnej oferty produkt\u00f3w i\u00a0us\u0142ug za\u00a0pomoc\u0105 \u015brodk\u00f3w telekomunikacji elektronicznej, wyra\u017cenie zgody jest niezb\u0119dne. Wi\u0119cej informacji na\u00a0temat przetwarzania danych osobowych znajduje si\u0119 w\u00a0naszej Polityce prywatno\u015bci&#8221; field_type=&#8221;checkbox&#8221; checkbox_options=&#8221;%91{%22value%22:%22Wyra\u017cam zgod\u0119. %22,%22checked%22:0,%22dragID%22:-1}%93&#8243; fullwidth_field=&#8221;on&#8221; _builder_version=&#8221;4.16&#8243; _module_preset=&#8221;default&#8221; form_field_background_color=&#8221;#70B2BE&#8221; form_field_text_color=&#8221;#4c4c47&#8243; form_field_focus_background_color=&#8221;#4c4c47&#8243; form_field_focus_text_color=&#8221;#4c4c47&#8243; form_field_font=&#8221;Montserrat|300|||||||&#8221; form_field_font_size=&#8221;10px&#8221; form_field_line_height=&#8221;1.3em&#8221; link_option_url_new_window=&#8221;on&#8221; global_colors_info=&#8221;{}&#8221;][\/et_pb_contact_field][\/et_pb_contact_form][\/et_pb_column][\/et_pb_row][\/et_pb_section]<\/p>\n","protected":false},"excerpt":{"rendered":"<p>REGULAMIN GABINETU OSSEUS FIZJOTERAPIA 1.Podstawowym celem i\u00a0zadaniem podmiotu leczniczego jest udzielanie \u015bwiadcze\u0144 zdrowotnych w\u00a0zakresie rehabilitacji leczniczej oraz\u00a0promocji zdrowia przez\u00a0osoby do\u00a0tego uprawnione na\u00a0podstawie przepis\u00f3w prawa i\u00a0sta\u0142e podnoszenie poziomu \u015bwiadczonych us\u0142ug. 2. Nazwa podmiotu leczniczego: Osseus Fizjoterapia, ul.\u00a0Pleszowska 29, 31-228 Krak\u00f3w 3. Nazwa zak\u0142adu leczniczego: Osseus Fizjoterapia, ul.\u00a0Pleszowska 29, 31-228 Krak\u00f3w 4. Nazwa jednostki organizacyjnej: Osseus Fizjoterapia, [&hellip;]<\/p>\n","protected":false},"author":1,"featured_media":0,"parent":0,"menu_order":0,"comment_status":"closed","ping_status":"closed","template":"","meta":{"_et_pb_use_builder":"on","_et_pb_old_content":"","_et_gb_content_width":"","footnotes":""},"class_list":["post-510","page","type-page","status-publish","hentry"],"yoast_head":"<!-- This site is optimized with the Yoast SEO plugin v27.1.1 - https:\/\/yoast.com\/product\/yoast-seo-wordpress\/ -->\n<title>Regulamin Osseus<\/title>\n<meta name=\"description\" content=\"REGULAMIN GABINETU OSSEUS FIZJOTERAPIA\" \/>\n<meta name=\"robots\" content=\"index, follow, max-snippet:-1, max-image-preview:large, max-video-preview:-1\" \/>\n<link rel=\"canonical\" href=\"https:\/\/osseus.pl\/?page_id=510\" \/>\n<meta property=\"og:locale\" content=\"pl_PL\" \/>\n<meta property=\"og:type\" content=\"article\" \/>\n<meta property=\"og:title\" content=\"Regulamin Osseus\" \/>\n<meta property=\"og:description\" content=\"REGULAMIN GABINETU OSSEUS FIZJOTERAPIA\" \/>\n<meta property=\"og:url\" content=\"https:\/\/osseus.pl\/?page_id=510\" \/>\n<meta property=\"og:site_name\" content=\"Osseus fizjoterapia\" \/>\n<meta property=\"article:modified_time\" content=\"2026-03-08T10:47:38+00:00\" \/>\n<meta name=\"twitter:card\" content=\"summary_large_image\" \/>\n<script type=\"application\/ld+json\" class=\"yoast-schema-graph\">{\"@context\":\"https:\/\/schema.org\",\"@graph\":[{\"@type\":\"WebPage\",\"@id\":\"https:\/\/osseus.pl\/?page_id=510\",\"url\":\"https:\/\/osseus.pl\/?page_id=510\",\"name\":\"Regulamin Osseus\",\"isPartOf\":{\"@id\":\"https:\/\/osseus.pl\/#website\"},\"datePublished\":\"2024-03-28T08:37:06+00:00\",\"dateModified\":\"2026-03-08T10:47:38+00:00\",\"description\":\"REGULAMIN GABINETU OSSEUS FIZJOTERAPIA\",\"breadcrumb\":{\"@id\":\"https:\/\/osseus.pl\/?page_id=510#breadcrumb\"},\"inLanguage\":\"pl-PL\",\"potentialAction\":[{\"@type\":\"ReadAction\",\"target\":[\"https:\/\/osseus.pl\/?page_id=510\"]}]},{\"@type\":\"BreadcrumbList\",\"@id\":\"https:\/\/osseus.pl\/?page_id=510#breadcrumb\",\"itemListElement\":[{\"@type\":\"ListItem\",\"position\":1,\"name\":\"Home\",\"item\":\"https:\/\/osseus.pl\/\"},{\"@type\":\"ListItem\",\"position\":2,\"name\":\"Regulamin Osseus\"}]},{\"@type\":\"WebSite\",\"@id\":\"https:\/\/osseus.pl\/#website\",\"url\":\"https:\/\/osseus.pl\/\",\"name\":\"Osseus fizjoterapia\",\"description\":\"Osseus fizjoterapia Krak\u00f3w\",\"potentialAction\":[{\"@type\":\"SearchAction\",\"target\":{\"@type\":\"EntryPoint\",\"urlTemplate\":\"https:\/\/osseus.pl\/?s={search_term_string}\"},\"query-input\":{\"@type\":\"PropertyValueSpecification\",\"valueRequired\":true,\"valueName\":\"search_term_string\"}}],\"inLanguage\":\"pl-PL\"}]}<\/script>\n<!-- \/ Yoast SEO plugin. -->","yoast_head_json":{"title":"Regulamin Osseus","description":"REGULAMIN GABINETU OSSEUS FIZJOTERAPIA","robots":{"index":"index","follow":"follow","max-snippet":"max-snippet:-1","max-image-preview":"max-image-preview:large","max-video-preview":"max-video-preview:-1"},"canonical":"https:\/\/osseus.pl\/?page_id=510","og_locale":"pl_PL","og_type":"article","og_title":"Regulamin Osseus","og_description":"REGULAMIN GABINETU OSSEUS FIZJOTERAPIA","og_url":"https:\/\/osseus.pl\/?page_id=510","og_site_name":"Osseus fizjoterapia","article_modified_time":"2026-03-08T10:47:38+00:00","twitter_card":"summary_large_image","schema":{"@context":"https:\/\/schema.org","@graph":[{"@type":"WebPage","@id":"https:\/\/osseus.pl\/?page_id=510","url":"https:\/\/osseus.pl\/?page_id=510","name":"Regulamin Osseus","isPartOf":{"@id":"https:\/\/osseus.pl\/#website"},"datePublished":"2024-03-28T08:37:06+00:00","dateModified":"2026-03-08T10:47:38+00:00","description":"REGULAMIN GABINETU OSSEUS FIZJOTERAPIA","breadcrumb":{"@id":"https:\/\/osseus.pl\/?page_id=510#breadcrumb"},"inLanguage":"pl-PL","potentialAction":[{"@type":"ReadAction","target":["https:\/\/osseus.pl\/?page_id=510"]}]},{"@type":"BreadcrumbList","@id":"https:\/\/osseus.pl\/?page_id=510#breadcrumb","itemListElement":[{"@type":"ListItem","position":1,"name":"Home","item":"https:\/\/osseus.pl\/"},{"@type":"ListItem","position":2,"name":"Regulamin Osseus"}]},{"@type":"WebSite","@id":"https:\/\/osseus.pl\/#website","url":"https:\/\/osseus.pl\/","name":"Osseus fizjoterapia","description":"Osseus fizjoterapia Krak\u00f3w","potentialAction":[{"@type":"SearchAction","target":{"@type":"EntryPoint","urlTemplate":"https:\/\/osseus.pl\/?s={search_term_string}"},"query-input":{"@type":"PropertyValueSpecification","valueRequired":true,"valueName":"search_term_string"}}],"inLanguage":"pl-PL"}]}},"_links":{"self":[{"href":"https:\/\/osseus.pl\/index.php?rest_route=\/wp\/v2\/pages\/510","targetHints":{"allow":["GET"]}}],"collection":[{"href":"https:\/\/osseus.pl\/index.php?rest_route=\/wp\/v2\/pages"}],"about":[{"href":"https:\/\/osseus.pl\/index.php?rest_route=\/wp\/v2\/types\/page"}],"author":[{"embeddable":true,"href":"https:\/\/osseus.pl\/index.php?rest_route=\/wp\/v2\/users\/1"}],"replies":[{"embeddable":true,"href":"https:\/\/osseus.pl\/index.php?rest_route=%2Fwp%2Fv2%2Fcomments&post=510"}],"version-history":[{"count":5,"href":"https:\/\/osseus.pl\/index.php?rest_route=\/wp\/v2\/pages\/510\/revisions"}],"predecessor-version":[{"id":698,"href":"https:\/\/osseus.pl\/index.php?rest_route=\/wp\/v2\/pages\/510\/revisions\/698"}],"wp:attachment":[{"href":"https:\/\/osseus.pl\/index.php?rest_route=%2Fwp%2Fv2%2Fmedia&parent=510"}],"curies":[{"name":"wp","href":"https:\/\/api.w.org\/{rel}","templated":true}]}}