{"id":473,"date":"2022-07-27T10:17:54","date_gmt":"2022-07-27T08:17:54","guid":{"rendered":"https:\/\/osseus.pl\/?page_id=473"},"modified":"2023-01-17T14:49:48","modified_gmt":"2023-01-17T13:49:48","slug":"rodo-osseus","status":"publish","type":"page","link":"https:\/\/osseus.pl\/?page_id=473","title":{"rendered":"RODO"},"content":{"rendered":"<p>[et_pb_section fb_built=&#8221;1&#8243; _builder_version=&#8221;4.17.6&#8243; _module_preset=&#8221;default&#8221; global_colors_info=&#8221;{}&#8221;][et_pb_row _builder_version=&#8221;4.17.6&#8243; _module_preset=&#8221;default&#8221; global_colors_info=&#8221;{}&#8221;][et_pb_column type=&#8221;4_4&#8243; _builder_version=&#8221;4.17.6&#8243; _module_preset=&#8221;default&#8221; global_colors_info=&#8221;{}&#8221;][et_pb_text _builder_version=&#8221;4.19.4&#8243; _module_preset=&#8221;default&#8221; hover_enabled=&#8221;0&#8243; global_colors_info=&#8221;{}&#8221; sticky_enabled=&#8221;0&#8243;]<\/p>\n<p><strong>INFORMACJA DOTYCZ\u0104CA PRZETWARZANIA DANYCH OSOBOWYCH<\/strong><\/p>\n<p>Administratorem Pa\u0144stwa danych osobowych jest Hankus Klocek Osseus Fizjoterapia S.C., z siedzib\u0105: ul. Pleszowska 29, 31-228 Krak\u00f3w. Kontaktowa\u0107 mo\u017cna si\u0119 z Administratorem pisz\u0105c na adres mailowy: kontakt@osseus.pl, lub telefonuj\u0105c pod numery 513123632, 668128880.<\/p>\n<p>Dane osobowe przetwarzane s\u0105 w nast\u0119puj\u0105cych celach: Podanie przez Pana\/Pani\u0105 danych osobowych jest wymogiem ustawowym i jest niezb\u0119dne w celu udzielania \u015bwiadcze\u0144 zdrowotnych (diagnostyka, profilaktyka, terapia) oraz zarz\u0105dzania us\u0142ugami opieki zdrowotnej np. weryfikacji to\u017csamo\u015bci przed wizyt\u0105, podczas umawiania wizyty w rejestracji, za pomoc\u0105 rejestracji telefonicznej, za pomoc\u0105 e-rejestracji, rozlicze\u0144 z p\u0142atnikiem \u2013 na podstawie art. 6 ust. 1 lit. c) oraz art. 9 ust. 2 lit h) RODO w zwi\u0105zku z rozporz\u0105dzeniem Ministra Zdrowia z 9 listopada 2015 r. w sprawie rodzaj\u00f3w, zakresu i wzor\u00f3w dokumentacji medycznej oraz sposobu jej przetwarzania (Dz.U. z 2015 r. poz. 2069), ustawy z dnia 6 listopada 2008 r. o prawach pacjenta i Rzeczniku Praw Pacjenta, ustawy z dnia 15 kwietnia 2011 r. o dzia\u0142alno\u015bci leczniczej, ustawy z dnia 27 sierpnia 2004 r. o \u015bwiadczeniach opieki zdrowotnej finansowanych ze \u015brodk\u00f3w publicznych, ustawy z dnia 28 kwietnia 2011 r. o systemie informacji w ochronie zdrowia, oraz innymi w\u0142a\u015bciwymi przepisami prawa polskiego.<\/p>\n<p>Dane osobowe mog\u0105 zosta\u0107 udost\u0119pnione:<\/p>\n<p>-podmiotom uprawnionym na podstawie przepis\u00f3w prawa, w szczeg\u00f3lno\u015bci zgodnie z art. 26 ustawy \u00a0\u00a0z dnia 6 listopada 2008 r. o prawach pacjenta i Rzeczniku Praw Pacjenta, w tym m.in.<\/p>\n<p>-podmiotom udzielaj\u0105cym \u015bwiadcze\u0144 zdrowotnych do zapewnienia ci\u0105g\u0142o\u015bci \u015bwiadcze\u0144 zdrowotnych,<\/p>\n<p>-osobom wykonuj\u0105cym zaw\u00f3d medyczny zatrudnionym przez grupow\u0105 praktyk\u0119 zawodow\u0105 Osseus Fizjoterapia -osobom wykonuj\u0105cym czynno\u015bci pomocnicze przy udzielaniu \u015bwiadcze\u0144 zdrowotnych, a tak\u017ce czynno\u015bci zwi\u0105zane z utrzymaniem i obs\u0142ug\u0105 systemu teleinformatycznego, w kt\u00f3rym przetwarzana jest dokumentacja medyczna celem zapewnieniem bezpiecze\u0144stwa tego systemu na podstawie upowa\u017cnienia nadanego przez grupow\u0105 praktyk\u0119 zawodow\u0105 Osseus Fizjoterapia,<\/p>\n<p>-organom w\u0142adzy publicznej, w tym Rzecznikowi Praw Pacjenta, organom samorz\u0105du zawod\u00f3w medycznych oraz konsultantom krajowym i wojew\u00f3dzkim, w zakresie niezb\u0119dnym do wykonywania przez te podmioty ich zada\u0144, w szczeg\u00f3lno\u015bci nadzoru i kontroli.<\/p>\n<p>Dane osobowe nie s\u0105 przekazywane do pa\u0144stw trzecich ani organizacji mi\u0119dzynarodowych.<\/p>\n<p>Dane osobowe b\u0119d\u0105 przechowywane przez wymagany przepisami prawa okres przechowywania dokumentacji medycznej, w szczeg\u00f3lno\u015bci art. 29 ustawy z dnia 6 listopada 2008 r. o prawach pacjenta i Rzeczniku Praw Pacjenta .<\/p>\n<p>Przys\u0142uguje Pa\u0144stwu prawo \u017c\u0105dania dost\u0119pu do swoich danych, sprostowania danych nieprawid\u0142owych, uzupe\u0142niania danych niekompletnych.<\/p>\n<p><strong>Podstawa prawna: Art. 13 ust. 1 i 2 Rozporz\u0105dzenia Parlamentu Europejskiego i Rady (UE) 2016\/679 z dnia 27 kwietnia 2016 r. w sprawie ochrony os\u00f3b fizycznych w zwi\u0105zku z przetwarzaniem danych osobowych i w sprawie swobodnego przep\u0142ywu takich danych oraz uchylenia dyrektywy 95\/46\/WE (og\u00f3lne rozporz\u0105dzenie o ochronie danych) (Dz.U.UE.L.2016.119.1) (RODO)<\/strong><\/p>\n<p><strong>\u00a0<\/strong><\/p>\n<p><strong>\u00a0<\/strong><\/p>\n<p><strong>\u00a0<\/strong><\/p>\n<p>[\/et_pb_text][\/et_pb_column][\/et_pb_row][\/et_pb_section]<\/p>\n","protected":false},"excerpt":{"rendered":"<p>INFORMACJA DOTYCZ\u0104CA PRZETWARZANIA DANYCH OSOBOWYCH Administratorem Pa\u0144stwa danych osobowych jest Hankus Klocek Osseus Fizjoterapia S.C., z siedzib\u0105: ul. Pleszowska 29, 31-228 Krak\u00f3w. Kontaktowa\u0107 mo\u017cna si\u0119 z Administratorem pisz\u0105c na adres mailowy: kontakt@osseus.pl, lub telefonuj\u0105c pod numery 513123632, 668128880. Dane osobowe przetwarzane s\u0105 w nast\u0119puj\u0105cych celach: Podanie przez Pana\/Pani\u0105 danych osobowych jest wymogiem ustawowym i jest [&hellip;]<\/p>\n","protected":false},"author":1,"featured_media":0,"parent":0,"menu_order":0,"comment_status":"closed","ping_status":"closed","template":"","meta":{"_et_pb_use_builder":"on","_et_pb_old_content":"","_et_gb_content_width":"","footnotes":""},"class_list":["post-473","page","type-page","status-publish","hentry"],"yoast_head":"<!-- This site is optimized with the Yoast SEO plugin v27.1.1 - https:\/\/yoast.com\/product\/yoast-seo-wordpress\/ -->\n<title>Rodo RODO - Osseus fizjoterapia<\/title>\n<meta name=\"description\" content=\"rodo\" \/>\n<meta name=\"robots\" content=\"index, follow, max-snippet:-1, max-image-preview:large, max-video-preview:-1\" \/>\n<link rel=\"canonical\" href=\"https:\/\/osseus.pl\/?page_id=473\" \/>\n<meta property=\"og:locale\" content=\"pl_PL\" \/>\n<meta property=\"og:type\" content=\"article\" \/>\n<meta property=\"og:title\" content=\"Rodo RODO - Osseus fizjoterapia\" \/>\n<meta property=\"og:description\" content=\"rodo\" \/>\n<meta property=\"og:url\" content=\"https:\/\/osseus.pl\/?page_id=473\" \/>\n<meta property=\"og:site_name\" content=\"Osseus fizjoterapia\" \/>\n<meta property=\"article:modified_time\" content=\"2023-01-17T13:49:48+00:00\" \/>\n<meta name=\"twitter:card\" content=\"summary_large_image\" \/>\n<meta name=\"twitter:label1\" content=\"Szacowany czas czytania\" \/>\n\t<meta name=\"twitter:data1\" content=\"3 minuty\" \/>\n<script type=\"application\/ld+json\" class=\"yoast-schema-graph\">{\"@context\":\"https:\/\/schema.org\",\"@graph\":[{\"@type\":\"WebPage\",\"@id\":\"https:\/\/osseus.pl\/?page_id=473\",\"url\":\"https:\/\/osseus.pl\/?page_id=473\",\"name\":\"Rodo RODO - Osseus fizjoterapia\",\"isPartOf\":{\"@id\":\"https:\/\/osseus.pl\/#website\"},\"datePublished\":\"2022-07-27T08:17:54+00:00\",\"dateModified\":\"2023-01-17T13:49:48+00:00\",\"description\":\"rodo\",\"breadcrumb\":{\"@id\":\"https:\/\/osseus.pl\/?page_id=473#breadcrumb\"},\"inLanguage\":\"pl-PL\",\"potentialAction\":[{\"@type\":\"ReadAction\",\"target\":[\"https:\/\/osseus.pl\/?page_id=473\"]}]},{\"@type\":\"BreadcrumbList\",\"@id\":\"https:\/\/osseus.pl\/?page_id=473#breadcrumb\",\"itemListElement\":[{\"@type\":\"ListItem\",\"position\":1,\"name\":\"Home\",\"item\":\"https:\/\/osseus.pl\/\"},{\"@type\":\"ListItem\",\"position\":2,\"name\":\"RODO\"}]},{\"@type\":\"WebSite\",\"@id\":\"https:\/\/osseus.pl\/#website\",\"url\":\"https:\/\/osseus.pl\/\",\"name\":\"Osseus fizjoterapia\",\"description\":\"Osseus fizjoterapia Krak\u00f3w\",\"potentialAction\":[{\"@type\":\"SearchAction\",\"target\":{\"@type\":\"EntryPoint\",\"urlTemplate\":\"https:\/\/osseus.pl\/?s={search_term_string}\"},\"query-input\":{\"@type\":\"PropertyValueSpecification\",\"valueRequired\":true,\"valueName\":\"search_term_string\"}}],\"inLanguage\":\"pl-PL\"}]}<\/script>\n<!-- \/ Yoast SEO plugin. -->","yoast_head_json":{"title":"Rodo RODO - Osseus fizjoterapia","description":"rodo","robots":{"index":"index","follow":"follow","max-snippet":"max-snippet:-1","max-image-preview":"max-image-preview:large","max-video-preview":"max-video-preview:-1"},"canonical":"https:\/\/osseus.pl\/?page_id=473","og_locale":"pl_PL","og_type":"article","og_title":"Rodo RODO - Osseus fizjoterapia","og_description":"rodo","og_url":"https:\/\/osseus.pl\/?page_id=473","og_site_name":"Osseus fizjoterapia","article_modified_time":"2023-01-17T13:49:48+00:00","twitter_card":"summary_large_image","twitter_misc":{"Szacowany czas czytania":"3 minuty"},"schema":{"@context":"https:\/\/schema.org","@graph":[{"@type":"WebPage","@id":"https:\/\/osseus.pl\/?page_id=473","url":"https:\/\/osseus.pl\/?page_id=473","name":"Rodo RODO - Osseus fizjoterapia","isPartOf":{"@id":"https:\/\/osseus.pl\/#website"},"datePublished":"2022-07-27T08:17:54+00:00","dateModified":"2023-01-17T13:49:48+00:00","description":"rodo","breadcrumb":{"@id":"https:\/\/osseus.pl\/?page_id=473#breadcrumb"},"inLanguage":"pl-PL","potentialAction":[{"@type":"ReadAction","target":["https:\/\/osseus.pl\/?page_id=473"]}]},{"@type":"BreadcrumbList","@id":"https:\/\/osseus.pl\/?page_id=473#breadcrumb","itemListElement":[{"@type":"ListItem","position":1,"name":"Home","item":"https:\/\/osseus.pl\/"},{"@type":"ListItem","position":2,"name":"RODO"}]},{"@type":"WebSite","@id":"https:\/\/osseus.pl\/#website","url":"https:\/\/osseus.pl\/","name":"Osseus fizjoterapia","description":"Osseus fizjoterapia Krak\u00f3w","potentialAction":[{"@type":"SearchAction","target":{"@type":"EntryPoint","urlTemplate":"https:\/\/osseus.pl\/?s={search_term_string}"},"query-input":{"@type":"PropertyValueSpecification","valueRequired":true,"valueName":"search_term_string"}}],"inLanguage":"pl-PL"}]}},"_links":{"self":[{"href":"https:\/\/osseus.pl\/index.php?rest_route=\/wp\/v2\/pages\/473","targetHints":{"allow":["GET"]}}],"collection":[{"href":"https:\/\/osseus.pl\/index.php?rest_route=\/wp\/v2\/pages"}],"about":[{"href":"https:\/\/osseus.pl\/index.php?rest_route=\/wp\/v2\/types\/page"}],"author":[{"embeddable":true,"href":"https:\/\/osseus.pl\/index.php?rest_route=\/wp\/v2\/users\/1"}],"replies":[{"embeddable":true,"href":"https:\/\/osseus.pl\/index.php?rest_route=%2Fwp%2Fv2%2Fcomments&post=473"}],"version-history":[{"count":6,"href":"https:\/\/osseus.pl\/index.php?rest_route=\/wp\/v2\/pages\/473\/revisions"}],"predecessor-version":[{"id":485,"href":"https:\/\/osseus.pl\/index.php?rest_route=\/wp\/v2\/pages\/473\/revisions\/485"}],"wp:attachment":[{"href":"https:\/\/osseus.pl\/index.php?rest_route=%2Fwp%2Fv2%2Fmedia&parent=473"}],"curies":[{"name":"wp","href":"https:\/\/api.w.org\/{rel}","templated":true}]}}